{"id":287,"date":"2022-06-22T09:31:07","date_gmt":"2022-06-22T08:31:07","guid":{"rendered":"https:\/\/ong-gslafrica.org\/wg\/home\/"},"modified":"2025-06-10T02:49:26","modified_gmt":"2025-06-10T01:49:26","slug":"home","status":"publish","type":"page","link":"https:\/\/ong-gslafrica.org\/wg\/en\/","title":{"rendered":"HOME"},"content":{"rendered":"<span style=\"letter-spacing: normal; text-decoration-style: initial;\">UNE AFRIQUE UNIE ET FORTE POUR UN MEILLEUR&nbsp;<\/span><span style=\"letter-spacing: normal; text-decoration-style: initial;\">&nbsp;AVENIR&nbsp;<\/span>\n\n<span style=\"color:#e7fa0aee;\">Donner<\/span>        Un Peu. <span style=\"color:#03dd37ff;\">changer<\/span>  Beaucoup\n<h1><strong>WE WORK FOR STABILITY\nIN OUR COMMUNITY OF DESTINY <br> IN OUR COMMUNITY OF DESTINY<\/strong><\/h1>\n\n\n\n\n\n<span style=\"letter-spacing: normal; text-decoration-style: initial;\">UNE AFRIQUE UNIE ET FORTE POUR UN MEILLEUR&nbsp;<\/span><span style=\"letter-spacing: normal; text-decoration-style: initial;\">&nbsp;AVENIR&nbsp;<\/span>\n\n<span style=\"color:#e7fa0aee;\">Donner<\/span>        Un Peu. <span style=\"color:#03dd37ff;\">changer<\/span>  Beaucoup\n<h1><strong>WE WORK FOR STABILITY\nIN OUR COMMUNITY OF DESTINY <br> IN OUR COMMUNITY OF DESTINY<\/strong><\/h1>\n\n\n\n\n\n\n\n\n\n\n\n\n\n<span style=\"letter-spacing: normal; text-decoration-style: initial;\">UNE AFRIQUE UNIE ET FORTE POUR UN MEILLEUR&nbsp;<\/span><span style=\"letter-spacing: normal; text-decoration-style: initial;\">&nbsp;AVENIR&nbsp;<\/span>\n\n<span style=\"color:#e7fa0aee;\">Donner<\/span>        Un Peu. <span style=\"color:#03dd37ff;\">changer<\/span>  Beaucoup\n<h1><strong>Nous travaillons pour la stabilit\u00e9 dans notre communaut\u00e9 de destin<\/strong><\/h1>\n\n\n\n\n\n\n\n\n\n\n\n\n\n<p style=\"color: black; font-size: 18px; text-align:cent ;\"><br><br>INTERNATIONAL NGO GLOBAL STRATEGY LEADERSHIP AFRICA is registered in Benin under <strong>number 304\/MISP\/DC\/SGM\/DAICSAAP-ASSOC\/SA of December 23, 2020. <\/strong>To support our actions financially, here are our bank references <br> <strong>IBAN: BJ66 BJ06 1030 0100 8492 9200 0224 ONG GSL AFRICA<\/strong> , faites \u00e9galement un don par Mobil Money sur le num\u00e9ro MTN: 2290151210000. <\/span> <span style=\"font-weight: 600; border: 0px; font-variant-numeric: inherit; font-variant-east-asian: inherit; font-stretch: inherit; line-height: inherit; vertical-align: baseline;\"><br>Pour plus de pr\u00e9cisions ou d&#8217;informations<\/span><strong>&nbsp;appelez simplement le +2290196800054 ou envoyez nous un mail \u00e0 contact@ong-gslafrica.org <br><br><br><br><\/strong><\/p>\n\n\n\n\n\n\n\n\n\n\n\n<h2>BIENVENUE A L&#8217;ONG INTERNATIONALE GLOBAL STRATEGY LEADERSHIP AFRICA<\/h2>\n\n\n\n\n<p class=\"MsoNormal\" style=\"text-align:justify; font-size: 20px\"><\/p> <strong>L&#8217;organisation non gouvernementale \u00e0 caract\u00e8re\ninternational est ouverte \u00e0 tous volontaires de tous pays, tous continents et\ntoutes religions pour soutenir la paix, la stabilit\u00e9 et le d\u00e9veloppement du\ncontinent africain.&nbsp;<\/strong>\n\n<span style=\"font-variant-ligatures: normal; font-variant-caps: normal; font-weight: 400; font-size: 16px; font-family: Cabin;\">It has within it, teams of researchers and active and retired professionals with skills in the fields of defence, security, finance, diplomacy, intelligence, humanitarian and communication.<\/span>\n<span style=\"font-variant-ligatures: normal; font-variant-caps: normal; font-weight: 400; font-size: 16px; font-family: Cabin;\">It also wishes to be supported, through its action, with people in distress, vulnerable or victims of armed conflicts and other situations of violence.<\/span>\n\n<p class=\"MsoNormal\" style=\"text-align:justify; font-size: 20px\"><\/p> <strong>Son action se veut \u00eatre participative, f\u00e9d\u00e9ratrice et repr\u00e9sentative de toute &#8220;INITIATIVE DE PAIX&#8221; pour le bien-\u00eatre et le d\u00e9veloppement de l\u2019africain dans un esprit de communaut\u00e9 de destin.&nbsp;<\/span><br><\/p>\n\n<span style=\"font-variant-ligatures: normal; font-variant-caps: normal; font-weight: 400; font-size: 16px; font-family: Cabin;\">It wishes to be a body of research, consultation, assistance and dialogue as well as mediation for any conflict detrimental to sustainable development in Africa.<\/span>\n\n\n\n\n\n\n\n\n\n<h1 style=\"font-style: normal; font-variant-ligatures: normal; font-variant-caps: normal; font-family: Khula; color: rgb(228, 11, 11); text-align: center; font-size: 40px !important; font-weight: 700 !important; line-height: 1.5em !important;\"><span style=\"border: 0px; font-variant: inherit; font-stretch: inherit; vertical-align: baseline; line-height: 1.5em !important; text-decoration-style: solid !important; letter-spacing: 0px !important;\">DOMAINES D&#8217;INTERVENTION DE L&#8217;ONG INTERNATIONALE GLOBAL STRATEGY LEADERSHIP AFRICA<\/span><\/h1>\n\n\n\n\n<p><span style=\"color: rgb(0, 0, 0); font-size: large;\"><span style=\"font-size: large;\">Les personnes ou les organisations soutenant <strong>l&#8217;ONG INTERNATIONAL<span style=\"\"><\/span>E GSL-AFRICA<\/strong> s&#8217;engagent conjointement, dans la mesure du possible, \u00e0 :<\/span><span style=\"font-size:30;\"><span style=\"font-size:30;\"><\/span><\/span><\/span><br><\/p>\n\n<p><span style=\"color: rgb(0, 0, 0); font-family: Calibri, sans-serif; font-size: 20px; font-weight: 600; text-align: justify;\">Research in strategies for peace, stability, security and development of the community of destiny and of Africa<\/span><br><\/p>\n\n<p><span style=\"color: rgb(0, 0, 0); font-family: Calibri, sans-serif; font-size: 20px; font-weight: 600; text-align: justify \">Organize assistance in humanitarian actions (prevention, training and awareness) of populations in citizen watch and protection of persons&nbsp;<\/span><br><\/p>\n\n<p><span style=\"color: rgb(0, 0, 0); font-family: Calibri, sans-serif; font-size: 20px; font-weight: 600; text-align: justify\">Initiate consultations and training of decision-makers and leaders in public security, defense and development policies on Africa;<\/span><br><\/p>\n<p style=\"color:black; font-size: 18px; font-family: khula; text-align: justify\"><strong>L&#8217;ONG INTERNATIONALE GSL-AFRICA<\/strong> soutient par l\u2019organisation de concours, tous les deux (02) ans, tous les projets qui \u00e9voquent les visions de d\u00e9veloppement commun de l\u2019Afrique sous un aspect positif et novateur. <br> <br><strong>L&#8217;ONG INTERNATIONALE GSL-AFRICA<\/strong> met \u00e0 disposition un dossier de presse, ainsi que des documents pouvant faciliter la compr\u00e9hension de l\u2019environnement africain et l&#8217;organisation des projets d\u2019assistance en actions humanitaires et de protection des personnes vuln\u00e9rables, victimes des conflits arm\u00e9s et autres situations de violence. <br> <br><strong>L&#8217;ONG INTERNATIONALE GSL-AFRICA<\/strong> participe \u00e0 l&#8217;\u00e9panouissement de ses membres \u00e0 travers des actions de solidarit\u00e9, d&#8217;entraide et des formations.\n<br><\/p>\n\n<p><span style=\"color: rgb(0, 0, 0); font-family: Calibri, sans-serif; font-size: 20px; font-weight: 600; text-align: justify >Initier des consultations et des formations des d\u00e9cideurs et leaders en politiques publiques de s\u00e9curit\u00e9, de d\u00e9fense et de d\u00e9veloppement sur l\u2019Afrique;<\/span><br><\/p><h2>Strat\u00e9gies d\u2019action de l&#8217;ONG INTERNATIONALE GLOBAL STRATEGY LEADERSHIP AFRICA<\/h2><p style=\"color:black; font-size: 18px; font-family: khula; text-align: justify\">Pour atteindre ses objectifs,<strong> l&#8217;ONG INTERNATIONALE GSL-AFRICA <\/strong> met en place les initiatives participatives et incitatives de r\u00e9flexions qui visent : <br><\/p>\n\nla cr\u00e9ation d&#8217;un cadre de vision et de dialogue strat\u00e9gique pour une prise de conscience entre les acteurs de d\u00e9veloppement d&#8217;une part et les leaders d&#8217;autre part;\nla planification des activit\u00e9s de consultation, de formation et d\u2019assistance contribuant \u00e0 une transformation int\u00e9grale de l\u2019environnement strat\u00e9gique pour la d\u00e9fense des int\u00e9r\u00eats vitaux de d\u00e9veloppement durable de l\u2019Afrique;\nl&#8217;initiation, la conception et l&#8217;animation de divers programmes et projets incluant la formation, la pr\u00e9vention, le renforcement de capacit\u00e9s, la sensibilisation, l&#8217;information et la communication pour une coh\u00e9sion harmonieuse et efficace des actions de d\u00e9veloppement durables avec les divers partenaires techniques et appuis financiers.\n\n\n\n\n\n\n\n\n\n\n\n\n\n\n\n\nContactez nous pour faire un don\n\n\n\n\n\n\n\n\n\n\n\n\n\n\n\n\n\n\n\n\n\n\n\n\n\n<p><br><\/p>\n\n\n\n\n\n\nOur Humanitarian Causes\n\n\n\n\n\n\n\n\n\n\n\n\n\n\n\n\n\n\n\n\n\n\n\n\n\n\n\n\n\n\n\n\n\n<p><br><\/p><p>Financement des s\u00e9ances de sensibilisation, d&#8217;information et de pr\u00e9vention au profit des personnes vuln\u00e9rables, en d\u00e9tresse ou victimes de conflits arm\u00e9s et autres situations de violence<\/p><p><br><\/p><p> Funding requested: 100,000 USD Funding obtained: 1000 USD | Duration: 12 months<\/p>\n\n\n\n\n<p><span style=\"font-style: inherit; font-variant-ligatures: inherit; font-variant-caps: inherit; font-weight: inherit;\"><br><\/span><\/p><p><span style=\"font-style: inherit; font-variant-ligatures: inherit; font-variant-caps: inherit; font-weight: inherit;\">Financing of support in health, education, energy, drinking water, environment, micro-credits, income-generating activities for the benefit of vulnerable people, in distress or victims of armed conflicts and other situations<\/span><\/p><p>Funding requested: 100,000 USD Funding obtained: 1000 USD | Duration: 12 months<\/p><p><\/p>\n\n\n\n\n<p><br><\/p><p>Financing of the communication of GSL-AFRICA WEB TV, RADIO, MAGAZINE, NEWS and Social Networks on all humanitarian actions initiated by the NGO GSL-AFRICA<\/p><p><br><\/p><p>Funding requested: 100,000 USD Funding obtained: 1000 USD | Duration: 12 months<\/p>\n\n\n\n\n\n<h4>&nbsp;Follow us on GSL-AFRICA WEBTV<\/h4>\n\n\n\n\n\n\n\n\n<span style=\"letter-spacing: normal; text-decoration-style: initial;\">DEVENEZ VOLONTAIRE DE L&#8217;ONG INTERNATIONALE GSL-AFRICA<\/span>\n\n\n<span style=\"letter-spacing: normal; text-decoration-style: initial;\">Join us for a united and strong Africa.<\/span>\n\n\n\n\n\n\n\n<span style=\"letter-spacing: normal; text-decoration-style: initial;\">Our volunteers<\/span>\n\n\n\n\n\n\n\n\n\n\n\n\n\n\n\n\n\n\n\n\n\n\n\n\n\n\n\n\n\n\n\n\n<p><a href=\"https:\/\/ong-gslafrica.org\/wg\/en\/donations\/id10622\/\" style=\"background-color: #03dd37ff ; color: rgb(255, 255, 255);padding: 5px 20px;;\">Do like me<\/a><\/p>\n\nroger ASSOGBA\n\n\n<span style=\"letter-spacing: normal; text-decoration-style: initial;\">Registered on October 18, 2020<\/span>\n\n\n\n<p><a href=\"https:\/\/ong-gslafrica.org\/wg\/en\/donations\/id10622\/\" style=\"background-color: #03dd37ff ; color: rgb(255, 255, 255);padding: 5px 20px;;\">Do like me<\/a><\/p>\n\nrose davidson\n\n\n<span style=\"letter-spacing: normal; text-decoration-style: initial;\">Registered August 15, 2021<\/span>\n\n\n\n<p><a href=\"https:\/\/ong-gslafrica.org\/wg\/en\/donations\/id10622\/\" style=\"background-color: #03dd37ff ; color: rgb(255, 255, 255);padding: 5px 20px;;\">Do like me<\/a><\/p>\n\nclara LEGRAND\n\n\n<span style=\"letter-spacing: normal; text-decoration-style: initial;\">Registered November 18, 2021<\/span>\n\n\n\n<p><a href=\"https:\/\/ong-gslafrica.org\/wg\/en\/donations\/id10622\/\" style=\"background-color: #03dd37ff ; color: rgb(255, 255, 255);padding: 5px 20px;;\">Do like me<\/a><\/p>\n\nhubert DUPOND\n\n\n<span style=\"letter-spacing: normal; text-decoration-style: initial;\">Registered on January 15, 2022<\/span>\n\n\n\n\n\n\n\n\n\n<span style=\"letter-spacing: normal ; text-decoration-style: initial;\">We need your help<\/span>\n\nPour soutenir les victimes des conflits arm\u00e9s et autres situations de violence&nbsp; dans le Sahel, dans les Grands Lacs et dans la Corne de l&#8217;Afrique&nbsp;\n\n\n\n\n\n\n\n\nNos G\u00e9n\u00e9reux donateurs\n\n\n\n\n\n\n\n\n\n\n\n\n\n\n\n\n\n\n\n\n\n\n\n\n\n\n\n\n\n\n\n\n\n<p><a href=\"#\" style=\"background-color: rgb(241, 62, 75); color: rgb(255, 255, 255);padding: 5px 20px;;\">Call Me<\/a><\/p>\n\n\nroger peter\n\n\nDonated $700\n\n\n\n\n<p><a href=\"#\" style=\"background-color: rgb(241, 62, 75); color: rgb(255, 255, 255);padding: 5px 20px;;\">Call Me<\/a><\/p>\n\nmarya\n\nDonated $200\n\n\n\n\n<p><a href=\"#\" style=\"background-color: rgb(241, 62, 75); color: rgb(255, 255, 255);padding: 5px 20px;;\">Call Me<\/a><\/p>\n\n\nmike pine\n\n\nDonated $250\n\n\n\n\n<p><a href=\"#\" style=\"background-color: rgb(241, 62, 75); color: rgb(255, 255, 255);padding: 5px 20px;;\">Call Me<\/a><\/p>\n\n\nemma nelson\n\n\nDonated $600\n\n\n\n\n<p><a href=\"#\" style=\"background-color: rgb(241, 62, 75); color: rgb(255, 255, 255);padding: 5px 20px;;\">Call Me<\/a><\/p>\n\nADEBAYO\nDonated $500\n\n\n\n<p><a href=\"#\" style=\"background-color: rgb(241, 62, 75); color: rgb(255, 255, 255);padding: 5px 20px;;\">Call Me<\/a><\/p>\n\n\njarin Smith\n\n\nDonated $500<\/strong>","protected":false},"excerpt":{"rendered":"","protected":false},"author":1,"featured_media":0,"parent":0,"menu_order":0,"comment_status":"closed","ping_status":"closed","template":"","meta":{"give_campaign_id":0,"footnotes":""},"class_list":["post-287","page","type-page","status-publish","hentry"],"yoast_head":"<!-- This site is optimized with the Yoast SEO plugin v27.5 - https:\/\/yoast.com\/product\/yoast-seo-wordpress\/ -->\n<title>ACCUEIL - ONG GSL AFRICA<\/title>\n<meta name=\"robots\" content=\"index, follow, max-snippet:-1, max-image-preview:large, max-video-preview:-1\" \/>\n<link rel=\"canonical\" href=\"https:\/\/ong-gslafrica.org\/wg\/en\/\" \/>\n<meta property=\"og:locale\" content=\"en_US\" \/>\n<meta property=\"og:type\" content=\"article\" \/>\n<meta property=\"og:title\" content=\"ACCUEIL - ONG GSL AFRICA\" \/>\n<meta property=\"og:url\" content=\"https:\/\/ong-gslafrica.org\/wg\/en\/\" \/>\n<meta property=\"og:site_name\" content=\"ONG GSL AFRICA\" \/>\n<meta property=\"article:modified_time\" content=\"2025-06-10T01:49:26+00:00\" \/>\n<meta name=\"twitter:card\" content=\"summary_large_image\" \/>\n<meta name=\"twitter:label1\" content=\"Est. reading time\" \/>\n\t<meta name=\"twitter:data1\" content=\"3 minutes\" \/>\n<script type=\"application\/ld+json\" class=\"yoast-schema-graph\">{\"@context\":\"https:\\\/\\\/schema.org\",\"@graph\":[{\"@type\":\"WebPage\",\"@id\":\"https:\\\/\\\/ong-gslafrica.org\\\/wg\\\/\",\"url\":\"https:\\\/\\\/ong-gslafrica.org\\\/wg\\\/\",\"name\":\"ACCUEIL - ONG GSL AFRICA\",\"isPartOf\":{\"@id\":\"https:\\\/\\\/ong-gslafrica.org\\\/wg\\\/#website\"},\"datePublished\":\"2022-06-22T08:31:07+00:00\",\"dateModified\":\"2025-06-10T01:49:26+00:00\",\"breadcrumb\":{\"@id\":\"https:\\\/\\\/ong-gslafrica.org\\\/wg\\\/#breadcrumb\"},\"inLanguage\":\"en-US\",\"potentialAction\":[{\"@type\":\"ReadAction\",\"target\":[\"https:\\\/\\\/ong-gslafrica.org\\\/wg\\\/\"]}]},{\"@type\":\"BreadcrumbList\",\"@id\":\"https:\\\/\\\/ong-gslafrica.org\\\/wg\\\/#breadcrumb\",\"itemListElement\":[{\"@type\":\"ListItem\",\"position\":1,\"name\":\"Accueil\",\"item\":\"https:\\\/\\\/ong-gslafrica.org\\\/wg\\\/\"},{\"@type\":\"ListItem\",\"position\":2,\"name\":\"ACCUEIL\"}]},{\"@type\":\"WebSite\",\"@id\":\"https:\\\/\\\/ong-gslafrica.org\\\/wg\\\/#website\",\"url\":\"https:\\\/\\\/ong-gslafrica.org\\\/wg\\\/\",\"name\":\"ONG GSL AFRICA\",\"description\":\"GLOBAL STRATEGY &amp; LEADERSHIP\",\"publisher\":{\"@id\":\"https:\\\/\\\/ong-gslafrica.org\\\/wg\\\/#organization\"},\"potentialAction\":[{\"@type\":\"SearchAction\",\"target\":{\"@type\":\"EntryPoint\",\"urlTemplate\":\"https:\\\/\\\/ong-gslafrica.org\\\/wg\\\/?s={search_term_string}\"},\"query-input\":{\"@type\":\"PropertyValueSpecification\",\"valueRequired\":true,\"valueName\":\"search_term_string\"}}],\"inLanguage\":\"en-US\"},{\"@type\":\"Organization\",\"@id\":\"https:\\\/\\\/ong-gslafrica.org\\\/wg\\\/#organization\",\"name\":\"ONG GSL AFRICA\",\"url\":\"https:\\\/\\\/ong-gslafrica.org\\\/wg\\\/\",\"logo\":{\"@type\":\"ImageObject\",\"inLanguage\":\"en-US\",\"@id\":\"https:\\\/\\\/ong-gslafrica.org\\\/wg\\\/#\\\/schema\\\/logo\\\/image\\\/\",\"url\":\"https:\\\/\\\/ong-gslafrica.org\\\/wg\\\/wp-content\\\/uploads\\\/2022\\\/06\\\/cropped-250X250.png\",\"contentUrl\":\"https:\\\/\\\/ong-gslafrica.org\\\/wg\\\/wp-content\\\/uploads\\\/2022\\\/06\\\/cropped-250X250.png\",\"width\":250,\"height\":250,\"caption\":\"ONG GSL AFRICA\"},\"image\":{\"@id\":\"https:\\\/\\\/ong-gslafrica.org\\\/wg\\\/#\\\/schema\\\/logo\\\/image\\\/\"}}]}<\/script>\n<!-- \/ Yoast SEO plugin. -->","yoast_head_json":{"title":"ACCUEIL - ONG GSL AFRICA","robots":{"index":"index","follow":"follow","max-snippet":"max-snippet:-1","max-image-preview":"max-image-preview:large","max-video-preview":"max-video-preview:-1"},"canonical":"https:\/\/ong-gslafrica.org\/wg\/en\/","og_locale":"en_US","og_type":"article","og_title":"ACCUEIL - ONG GSL AFRICA","og_url":"https:\/\/ong-gslafrica.org\/wg\/en\/","og_site_name":"ONG GSL AFRICA","article_modified_time":"2025-06-10T01:49:26+00:00","twitter_card":"summary_large_image","twitter_misc":{"Est. reading time":"3 minutes"},"schema":{"@context":"https:\/\/schema.org","@graph":[{"@type":"WebPage","@id":"https:\/\/ong-gslafrica.org\/wg\/","url":"https:\/\/ong-gslafrica.org\/wg\/","name":"ACCUEIL - ONG GSL AFRICA","isPartOf":{"@id":"https:\/\/ong-gslafrica.org\/wg\/#website"},"datePublished":"2022-06-22T08:31:07+00:00","dateModified":"2025-06-10T01:49:26+00:00","breadcrumb":{"@id":"https:\/\/ong-gslafrica.org\/wg\/#breadcrumb"},"inLanguage":"en-US","potentialAction":[{"@type":"ReadAction","target":["https:\/\/ong-gslafrica.org\/wg\/"]}]},{"@type":"BreadcrumbList","@id":"https:\/\/ong-gslafrica.org\/wg\/#breadcrumb","itemListElement":[{"@type":"ListItem","position":1,"name":"Accueil","item":"https:\/\/ong-gslafrica.org\/wg\/"},{"@type":"ListItem","position":2,"name":"ACCUEIL"}]},{"@type":"WebSite","@id":"https:\/\/ong-gslafrica.org\/wg\/#website","url":"https:\/\/ong-gslafrica.org\/wg\/","name":"ONG GSL AFRICA","description":"GLOBAL STRATEGY &amp; LEADERSHIP","publisher":{"@id":"https:\/\/ong-gslafrica.org\/wg\/#organization"},"potentialAction":[{"@type":"SearchAction","target":{"@type":"EntryPoint","urlTemplate":"https:\/\/ong-gslafrica.org\/wg\/?s={search_term_string}"},"query-input":{"@type":"PropertyValueSpecification","valueRequired":true,"valueName":"search_term_string"}}],"inLanguage":"en-US"},{"@type":"Organization","@id":"https:\/\/ong-gslafrica.org\/wg\/#organization","name":"ONG GSL AFRICA","url":"https:\/\/ong-gslafrica.org\/wg\/","logo":{"@type":"ImageObject","inLanguage":"en-US","@id":"https:\/\/ong-gslafrica.org\/wg\/#\/schema\/logo\/image\/","url":"https:\/\/ong-gslafrica.org\/wg\/wp-content\/uploads\/2022\/06\/cropped-250X250.png","contentUrl":"https:\/\/ong-gslafrica.org\/wg\/wp-content\/uploads\/2022\/06\/cropped-250X250.png","width":250,"height":250,"caption":"ONG GSL AFRICA"},"image":{"@id":"https:\/\/ong-gslafrica.org\/wg\/#\/schema\/logo\/image\/"}}]}},"campaignId":"","_links":{"self":[{"href":"https:\/\/ong-gslafrica.org\/wg\/en\/wp-json\/wp\/v2\/pages\/287","targetHints":{"allow":["GET"]}}],"collection":[{"href":"https:\/\/ong-gslafrica.org\/wg\/en\/wp-json\/wp\/v2\/pages"}],"about":[{"href":"https:\/\/ong-gslafrica.org\/wg\/en\/wp-json\/wp\/v2\/types\/page"}],"author":[{"embeddable":true,"href":"https:\/\/ong-gslafrica.org\/wg\/en\/wp-json\/wp\/v2\/users\/1"}],"replies":[{"embeddable":true,"href":"https:\/\/ong-gslafrica.org\/wg\/en\/wp-json\/wp\/v2\/comments?post=287"}],"version-history":[{"count":257,"href":"https:\/\/ong-gslafrica.org\/wg\/en\/wp-json\/wp\/v2\/pages\/287\/revisions"}],"predecessor-version":[{"id":1479,"href":"https:\/\/ong-gslafrica.org\/wg\/en\/wp-json\/wp\/v2\/pages\/287\/revisions\/1479"}],"wp:attachment":[{"href":"https:\/\/ong-gslafrica.org\/wg\/en\/wp-json\/wp\/v2\/media?parent=287"}],"curies":[{"name":"wp","href":"https:\/\/api.w.org\/{rel}","templated":true}]}}