{"id":291,"date":"2022-06-22T09:31:07","date_gmt":"2022-06-22T08:31:07","guid":{"rendered":"https:\/\/ong-gslafrica.org\/wg\/about\/"},"modified":"2024-10-03T04:39:36","modified_gmt":"2024-10-03T03:39:36","slug":"about","status":"publish","type":"page","link":"https:\/\/ong-gslafrica.org\/wg\/en\/about\/","title":{"rendered":"ABOUT"},"content":{"rendered":"<h2>who are we ?<\/h2>\n\n\n\n\n<span style=\"letter-spacing: normal; text-decoration-style: initial;\">our history<\/span>\n\n\n\n\n\n\n\n\n\n\n\n\n\n\n\n\n\n\n\n\n\n\n\n\n<p style=\"color: black; font-family: khula; text-align: justify; font-size: 20px;\">The strengthening of African unity is a\nobjective sought for a long time without ever\nhave been reached. While we understand\nbetter today the need for integration\nregion and the reasons for past failures,\nnew efforts aim to strengthen economic ties\nand policies between the many countries\nfrom the continent. This dossier examines the main\ndifficulties to overcome before achieving integration\n: develop trade\nbetween African countries, build more\nroads and other infrastructure, reform regional institutions, increase\ntransparency and public participation and coordinate more closely the\nprivate and public sector initiatives.<br> The non-governmental organization at GSL-AFRICA INTERNATIONAL is open to all volunteers from\nall countries, all continents and all religions to support peace, stability and\ndevelopment in the world. It has within it, teams of researchers\nand working and retired professionals with skills\nin the areas of defence, security, finance, diplomacy,\nintelligence, humanitarianism and communication. <br>\nLike Benin, the 53 countries of Africa all have their own flag, their own\nconstitution, their own capital and their own Defense and Security Forces.\nThey are separated by borders clearly marked on the map. But,\nfor many Africans, these colonial barriers matter less than their\npoints in common: they know that they are all African and that they have an interest in strengthening\npolitical, economic, financial, cultural and human ties on both sides\nand on the other side imposed national borders.<br>\nDans leurs discours, pendant les conf\u00e9rences officielles et dans les trait\u00e9s, les\ndirigeants politiques se montrent depuis longtemps favorables \u00e0 une plus grande\nint\u00e9gration des pays et des r\u00e9gions d\u2019Afrique, bien que peu de r\u00e9sultats aient\n\u00e9t\u00e9 obtenus en pratique. Au cours des derni\u00e8res ann\u00e9es, ce concept est devenu\nplus important, ainsi, GSL-AFRICA INTERNATIONAL souhaite soutenir,\npar son action, aupr\u00e8s des gouvernants, les personnes en d\u00e9tresse, les groupes\nvuln\u00e9rables et les victimes des conflits arm\u00e9s et autres situations de violence.\n3\nSon action \u00e0 but humanitaire se veut \u00eatre participative, f\u00e9d\u00e9ratrice et repr\u00e9sent\nGSL-AFRICA INTERNATIONAL souhaite \u00eatre un organe \u00e9galement \u00eatre un\ncreuset de recherches, de consultation, d\u2019assistance et de dialogue ainsi que de\nm\u00e9diation pour tout conflit pr\u00e9judiciable au d\u00e9veloppement durable en Afrique et\ndans le monde.\nA ce titre, l\u2019\u00e9quipe de l\u2019ONG GSL AFRICA INTERNATIONAL s\u2019engage \u00e0 faire\nde la recherche en strat\u00e9gies de paix, de stabilit\u00e9, de s\u00e9curit\u00e9 et de d\u00e9veloppement\nen faveur de l\u2019Afrique et du monde entier, \u00e0 initier des consultations des d\u00e9cideurs,\ndes chercheurs et leaders en politiques publiques de s\u00e9curit\u00e9, de d\u00e9fense\net de d\u00e9veloppement sur l\u2019Afrique et dans le monde et organiser l\u2019assistance en\nactions humanitaires (pr\u00e9vention, formation et sensibilisation) des populations\nciviles et \u00e9galement des Forces de D\u00e9fense et de S\u00e9curit\u00e9 ainsi que protection des\npersonnes vuln\u00e9rables, victimes des conflits arm\u00e9s et autres situations de violence\n(\u00e9ducation, \u00e9nergie, sant\u00e9, micro cr\u00e9dits, environnement) en Afrique et dans le\nmonde.\nL\u2019espoir est permis\nRejoignez-nous donc \u00e0 l\u2019ONG GSL AFRICA INTERNATIONAL, car chacun a\nson r\u00f4le \u00e0 jouer&#8230;.. <br> <strong>Diane KINDJI \u00e9pouse ZINSOU<\/strong><br>\nLa Directrice Ex\u00e9cutive de l&#8217;ONG GSL AFRICA<\/p>\n\n\n\n\nOur mission\n\n\n\n\n\n\n\n\n\n\n\n\n\n\n\n\n\n\n\n\n\n<p style=\"color: black; font-family: khula; text-align: justify; font-size: 20px;\">Nous sommes une organisation \u00e0 caract\u00e8re international \u0153uvrant pour assurer une justice sociale et favoriser le d\u00e9veloppement des nations \u00e0 travers des travaux de recherches afin de soulager les victimes de violences et des conflits arm\u00e9es. De ce fait, nous op\u00e9rons dans les domaines ci apr\u00e8s de la recherche en strat\u00e9gies de paix, de stabilit\u00e9, de s\u00e9curit\u00e9 et de d\u00e9veloppement; des initiatives de consultations des d\u00e9cideurs et leaders en politiques publiques de s\u00e9curit\u00e9, de d\u00e9fense et de d\u00e9veloppement sur l\u2019Afrique; d\\&#8217;assistance en actions humanitaires (pr\u00e9vention, formation et sensibilisation) des populations; et de veille citoyenne et de protection des personnes vuln\u00e9rables, victimes des conflits arm\u00e9s et autres situations de violence (\u00e9ducation, \u00e9nergie, sant\u00e9, microcr\u00e9dit) en Afrique.<\/p>\n\n\n\n\nOur goals\n\n\n\n\n\n\n\n\n\n\n\n\n\n\n\n\n\n\n\n\n\n<p style=\"color: black; font-family: khula; text-align: justify; font-size: 20px;\"> As an international non-governmental organization, we are open to all volunteers from all countries, all continents and all religions in order to support peace, stability and development on the African continent.\n\nTo do this, we have teams of researchers and professionals with skills in the fields of defence, security, finance, diplomacy, intelligence, humanitarianism and communication.\n\nWe also support people in distress, vulnerable or victims of armed conflicts and other situations of violence.\n\nOur action is intended to be participatory, unifying and representative of any \u201cpeace initiative\u201d for the well-being and development of Africans in a spirit of community of destiny.\n\nFinally, we have strategic instruments for research, consultation, education, dialogue and assistance, as well as a mediation body for any conflict detrimental to sustainable development in Africa.<\/p>\n\n\n\n\n\n\n\n\n\n\n\n\n\n\n\n\n\n\nWe help  <span style=\"color: #03dd37ff;\"> autrement l&#8217;Afrique<\/span> to develop in peace and stability\n<p class=\"MsoNormal\" style=\"text-align:justify\"><span lang=\"FR\" style=\"font-size:13.0pt;line-height:107%;color:red\"><\/span><\/p><span style=\"color:#ffffff;\"><p class=\"MsoNormal\" style=\"text-align:justify\"><span lang=\"FR\" style=\"font-size: 13pt; line-height: 107%;\">By conducting research studies on peace strategies, stability, security and development of the community of destiny and\nAfrica;<\/span><\/p><p class=\"MsoNormal\" style=\"text-align:justify\"><span lang=\"FR\" style=\"font-size: 13pt; line-height: 107%;\"><\/span><span style=\"\">By initiating consultations with decision-makers and leaders in public security, defense and development policies on Africa;<\/span><\/p>\n\n<p class=\"MsoNormal\" style=\"text-align:justify\"><span style=\"text-align: left;\">By organizing assistance in humanitarian actions (prevention, training and awareness-raising) for populations on citizen watch and protection of vulnerable people, victims of armed conflicts and other situations of violence (education, energy, health, micro-credits) in Africa.<\/span><\/p><\/span><p class=\"MsoNormal\" style=\"text-align:justify\"><span style=\"color: red; text-align: left;\"><\/span><\/p>\n\n\n<a class=\"pagelayer-ele-link\" href=\"https:\/\/ong-gslafrica.org\/wg\/en\/donations\/id10622\/\" pagelayer-image-link-type=\"custom_url\"><\/a><p><a class=\"pagelayer-ele-link\" href=\"https:\/\/ong-gslafrica.org\/wg\/en\/donations\/id10622\/\" pagelayer-image-link-type=\"custom_url\"><\/a><a style=\"background-color: #f13e4b; color: #ffffff; padding: 5px 20px;\" href=\"https:\/\/ong-gslafrica.org\/wg\/en\/donations\/id10622\/\">Donate<\/a><\/p>\nEnsure&nbsp;<span style=\"color: #03dd37ff;\">strategy research consultations and studies<span> of peace in Africa<\/span><\/span>\n<span style='color: #03dd37ff;'>Funding requested<\/span> : 100,000 USD Funding Obtained: 1000 USD <br> Duration: 12 months\n\n\n<p><a style=\"background-color: #f13e4b; color: #ffffff; padding: 5px 20px;\" href=\"https:\/\/ong-gslafrica.org\/wg\/en\/donations\/id10622\/\">Donate<\/a><\/p>\nTo accompany <span style='color: #03dd37ff;'>l&#8217;\u00e9ducation et la formation des populations civiles<span> in Africa\n<span style=\"color: #03dd37ff;\">Funding requested<\/span> : 100,000 USD Funding Obtained: 1000 USD <br> Duration: 12 months\n\n\n<p><a style=\"background-color: #f13e4b; color: #ffffff; padding: 5px 20px;\" href=\"https:\/\/ong-gslafrica.org\/wg\/en\/donations\/id10622\/\">Donate<\/a><\/p>\nConduct <span style='color: #03dd37ff;'>l&#8217;assistance en Actions Humanitaires des victimes des violences arm\u00e9es  <span> in Africa\n<span style='color: #03dd37ff;'>Funding requested<\/span> : 100,000 USD Funding Obtained: 1000 USD <br> Dur\u00e9e: 12 mois\n\n\n\n\n\n\n\n\n\n\nCOMPOSITION DES STRUCTURES DE L&#8217;ONG INTERNATIONALE GLOBAL STRATEGY LEADERSHIP AFRICA\n\n\n\n\n\n\n\n\n<span lang=\"FR\" style=\"font-size:13.0pt;line-height:107%;font-family:&quot;Calibri&quot;,sans-serif;mso-ascii-theme-font:minor-latin;mso-fareast-font-family:Calibri;mso-fareast-theme-font:minor-latin;mso-hansi-theme-font:minor-latin;mso-bidi-font-family:&quot;Times New Roman&quot;;mso-bidi-theme-font:minor-bidi;mso-ansi-language:FR;mso-fareast-language:EN-US;mso-bidi-language:AR-SA\">Executive direction<\/span>&nbsp;\n\n\n\n\n\n\n\n\n\n\n\n\n\n\n\n\n\n\n\n\n\n\n\n<p style=\"font-family:Times\" new=\"\" roman=\"\" <strong=\"\">Pr\u00e9sident du conseil d&#8217;administration&nbsp;<br> email:  i.gouchola@ong-gslafrica.org<\/p>\n\n\n<p style=\"font-family:Times\" new roman<strong> Directrice Ex\u00e9cutive <br> email: d.kindji@ong-gslafrica.org<\/strong><\/p>\n\n\n<p style=\"font-family:Times\" new=\"\" roman=\"\" <strong=\"\">Tr\u00e9sorier G\u00e9n\u00e9ral &nbsp;<br> email:  a.gouchola@ong-gslafrica.org<\/p>\n\n\n\n\n\n\nHeads of departments\n\n\n\n\n\n\n\n\n\n\n\n\n\n\n\n\n\n\n\n\n\n\n\n<p style=\"font-family:Times\" new=\"\" roman<strong=\"\"> Directeur de la Consultation<br> email: &#8230;&#8230;.@ong-gslafrica.org<\/p>\n\n\n<p style=\"font-family:Times\" new=\"\" roman<strong=\"\"> Directrice Action Humanitaire<br> Email: a.ndjako@ong-gslafrica.org<\/p>\n\n\n<p style=\"font-family:Times\" new=\"\" roman<strong=\"\"> Directeur de la Formation<br> email: &#8230;..@ong-gslafrica.org<\/p>\n\n\n<p style=\"font-family:Times\" new=\"\" roman<strong=\"\"> Directeur de la Communication<br> email: d.ahouissou@ong-gslafrica.org<\/p>\n\n\n\n\n\n\n<span lang=\"FR\" style=\"font-size:13.0pt;line-height:107%;font-family:&quot;Calibri&quot;,sans-serif;mso-ascii-theme-font:minor-latin;mso-fareast-font-family:Calibri;mso-fareast-theme-font:minor-latin;mso-hansi-theme-font:minor-latin;mso-bidi-font-family:&quot;Times New Roman&quot;;mso-bidi-theme-font:minor-bidi;mso-ansi-language:FR;mso-fareast-language:EN-US;mso-bidi-language:AR-SA\">Communications Officer<\/span>&nbsp;\n\n\n\n\n\n\n\n\n\n\n\n\n\n\n\n\n\n\n\n\n\n\n\n<p style=\"font-family:Times\" new=\"\" roman<strong=\"\"> Directeur de la Communication<br> email: d.ahouissou@ong-gslafrica.org<\/p>\n\n\n<p style=\"font-family:Times\" new=\"\" roman<strong=\"\"> Assistance <br> email: &#8212;&#8212;&#8211;@ong-gslafrica.org<\/p>\n\n\n<p style=\"font-family:Times\" new=\"\" roman<strong=\"\"> Assistance <br> email: &#8212;&#8212;&#8211;@ong-gslafrica.org<\/p>\n\n\n\n\n\n\n\nVolontaires contact\u00e9s\n\n\n\n\nEv\u00e8nements R\u00e9ussis\n\n\n\n\nDonateurs\n\n\n\n\nVictimes impact\u00e9es\n\n\n\n\n\n&nbsp; galerie\n\n\n\n\n\n\n\n\n\n\n\n\n\n\n\n\n\n\n\n\n\n\n\n\n\n\n\n\n\n\n\n\n\n\n\n\n\n\n\n\n\n\n\n\n\n\n\n\n\n\n\n\n\n\n\n\n\n\n\n\n\n\n\n\n\n\n\n\n\n\n\n\n\n\n\n\n\n\n\n\n\n\n\n\n\n\n\n\n\n\n\n\n\n\n\n\n\n\n\n\n\n\n\n\n\n\n\n\n\n\n\n\n\n\n\n\n\n\n\n\n\n\n\n\n\n\n\n\n\n\n\n\n\n\n\n\n\n\n\n\n\n&nbsp; Partenaires\n\n\n\n\n\n\n\n\n\n\n\n\n\n\n\n\n\n\n\n\n\n\n\n\n\n\n\n\n\n\n\n\n\n\n\n\n\n\n\n\n\n\n\n\n\n\n\n\n\n\n\n\n\n\n\n\n\n\n\n\n\n\n\n\n\n\n\n\n\n\n\n\n\n\n\n\n\n\n\n\n\n\n\n\n\n\n\n\n\n\n\n\n\n\n\n\n\n\n\n\n\n\n\n\n\n\n\n\n\n\n\n\n\n\n\n\n\n\n\n\n\n\n\n\n\n\n\n\n\n\n\n\n\n\n\n\n\n\n\n\n\n&nbsp; Archives","protected":false},"excerpt":{"rendered":"","protected":false},"author":1,"featured_media":0,"parent":0,"menu_order":0,"comment_status":"closed","ping_status":"closed","template":"","meta":{"give_campaign_id":0,"footnotes":""},"class_list":["post-291","page","type-page","status-publish","hentry"],"yoast_head":"<!-- This site is optimized with the Yoast SEO plugin v27.5 - https:\/\/yoast.com\/product\/yoast-seo-wordpress\/ -->\n<title>A PROPOS - ONG GSL AFRICA<\/title>\n<meta name=\"robots\" content=\"index, follow, max-snippet:-1, max-image-preview:large, max-video-preview:-1\" \/>\n<link rel=\"canonical\" href=\"https:\/\/ong-gslafrica.org\/wg\/en\/about\/\" \/>\n<meta property=\"og:locale\" content=\"en_US\" \/>\n<meta property=\"og:type\" content=\"article\" \/>\n<meta property=\"og:title\" content=\"A PROPOS - ONG GSL AFRICA\" \/>\n<meta property=\"og:url\" content=\"https:\/\/ong-gslafrica.org\/wg\/en\/about\/\" \/>\n<meta property=\"og:site_name\" content=\"ONG GSL AFRICA\" \/>\n<meta property=\"article:modified_time\" content=\"2024-10-03T03:39:36+00:00\" \/>\n<meta name=\"twitter:card\" content=\"summary_large_image\" \/>\n<meta name=\"twitter:label1\" content=\"Est. reading time\" \/>\n\t<meta name=\"twitter:data1\" content=\"6 minutes\" \/>\n<script type=\"application\/ld+json\" class=\"yoast-schema-graph\">{\"@context\":\"https:\\\/\\\/schema.org\",\"@graph\":[{\"@type\":\"WebPage\",\"@id\":\"https:\\\/\\\/ong-gslafrica.org\\\/wg\\\/about\\\/\",\"url\":\"https:\\\/\\\/ong-gslafrica.org\\\/wg\\\/about\\\/\",\"name\":\"A PROPOS - ONG GSL AFRICA\",\"isPartOf\":{\"@id\":\"https:\\\/\\\/ong-gslafrica.org\\\/wg\\\/#website\"},\"datePublished\":\"2022-06-22T08:31:07+00:00\",\"dateModified\":\"2024-10-03T03:39:36+00:00\",\"breadcrumb\":{\"@id\":\"https:\\\/\\\/ong-gslafrica.org\\\/wg\\\/about\\\/#breadcrumb\"},\"inLanguage\":\"en-US\",\"potentialAction\":[{\"@type\":\"ReadAction\",\"target\":[\"https:\\\/\\\/ong-gslafrica.org\\\/wg\\\/about\\\/\"]}]},{\"@type\":\"BreadcrumbList\",\"@id\":\"https:\\\/\\\/ong-gslafrica.org\\\/wg\\\/about\\\/#breadcrumb\",\"itemListElement\":[{\"@type\":\"ListItem\",\"position\":1,\"name\":\"Accueil\",\"item\":\"https:\\\/\\\/ong-gslafrica.org\\\/wg\\\/\"},{\"@type\":\"ListItem\",\"position\":2,\"name\":\"A PROPOS\"}]},{\"@type\":\"WebSite\",\"@id\":\"https:\\\/\\\/ong-gslafrica.org\\\/wg\\\/#website\",\"url\":\"https:\\\/\\\/ong-gslafrica.org\\\/wg\\\/\",\"name\":\"ONG GSL AFRICA\",\"description\":\"GLOBAL STRATEGY &amp; LEADERSHIP\",\"publisher\":{\"@id\":\"https:\\\/\\\/ong-gslafrica.org\\\/wg\\\/#organization\"},\"potentialAction\":[{\"@type\":\"SearchAction\",\"target\":{\"@type\":\"EntryPoint\",\"urlTemplate\":\"https:\\\/\\\/ong-gslafrica.org\\\/wg\\\/?s={search_term_string}\"},\"query-input\":{\"@type\":\"PropertyValueSpecification\",\"valueRequired\":true,\"valueName\":\"search_term_string\"}}],\"inLanguage\":\"en-US\"},{\"@type\":\"Organization\",\"@id\":\"https:\\\/\\\/ong-gslafrica.org\\\/wg\\\/#organization\",\"name\":\"ONG GSL AFRICA\",\"url\":\"https:\\\/\\\/ong-gslafrica.org\\\/wg\\\/\",\"logo\":{\"@type\":\"ImageObject\",\"inLanguage\":\"en-US\",\"@id\":\"https:\\\/\\\/ong-gslafrica.org\\\/wg\\\/#\\\/schema\\\/logo\\\/image\\\/\",\"url\":\"https:\\\/\\\/ong-gslafrica.org\\\/wg\\\/wp-content\\\/uploads\\\/2022\\\/06\\\/cropped-250X250.png\",\"contentUrl\":\"https:\\\/\\\/ong-gslafrica.org\\\/wg\\\/wp-content\\\/uploads\\\/2022\\\/06\\\/cropped-250X250.png\",\"width\":250,\"height\":250,\"caption\":\"ONG GSL AFRICA\"},\"image\":{\"@id\":\"https:\\\/\\\/ong-gslafrica.org\\\/wg\\\/#\\\/schema\\\/logo\\\/image\\\/\"}}]}<\/script>\n<!-- \/ Yoast SEO plugin. -->","yoast_head_json":{"title":"A PROPOS - ONG GSL AFRICA","robots":{"index":"index","follow":"follow","max-snippet":"max-snippet:-1","max-image-preview":"max-image-preview:large","max-video-preview":"max-video-preview:-1"},"canonical":"https:\/\/ong-gslafrica.org\/wg\/en\/about\/","og_locale":"en_US","og_type":"article","og_title":"A PROPOS - ONG GSL AFRICA","og_url":"https:\/\/ong-gslafrica.org\/wg\/en\/about\/","og_site_name":"ONG GSL AFRICA","article_modified_time":"2024-10-03T03:39:36+00:00","twitter_card":"summary_large_image","twitter_misc":{"Est. reading time":"6 minutes"},"schema":{"@context":"https:\/\/schema.org","@graph":[{"@type":"WebPage","@id":"https:\/\/ong-gslafrica.org\/wg\/about\/","url":"https:\/\/ong-gslafrica.org\/wg\/about\/","name":"A PROPOS - ONG GSL AFRICA","isPartOf":{"@id":"https:\/\/ong-gslafrica.org\/wg\/#website"},"datePublished":"2022-06-22T08:31:07+00:00","dateModified":"2024-10-03T03:39:36+00:00","breadcrumb":{"@id":"https:\/\/ong-gslafrica.org\/wg\/about\/#breadcrumb"},"inLanguage":"en-US","potentialAction":[{"@type":"ReadAction","target":["https:\/\/ong-gslafrica.org\/wg\/about\/"]}]},{"@type":"BreadcrumbList","@id":"https:\/\/ong-gslafrica.org\/wg\/about\/#breadcrumb","itemListElement":[{"@type":"ListItem","position":1,"name":"Accueil","item":"https:\/\/ong-gslafrica.org\/wg\/"},{"@type":"ListItem","position":2,"name":"A PROPOS"}]},{"@type":"WebSite","@id":"https:\/\/ong-gslafrica.org\/wg\/#website","url":"https:\/\/ong-gslafrica.org\/wg\/","name":"ONG GSL AFRICA","description":"GLOBAL STRATEGY &amp; LEADERSHIP","publisher":{"@id":"https:\/\/ong-gslafrica.org\/wg\/#organization"},"potentialAction":[{"@type":"SearchAction","target":{"@type":"EntryPoint","urlTemplate":"https:\/\/ong-gslafrica.org\/wg\/?s={search_term_string}"},"query-input":{"@type":"PropertyValueSpecification","valueRequired":true,"valueName":"search_term_string"}}],"inLanguage":"en-US"},{"@type":"Organization","@id":"https:\/\/ong-gslafrica.org\/wg\/#organization","name":"ONG GSL AFRICA","url":"https:\/\/ong-gslafrica.org\/wg\/","logo":{"@type":"ImageObject","inLanguage":"en-US","@id":"https:\/\/ong-gslafrica.org\/wg\/#\/schema\/logo\/image\/","url":"https:\/\/ong-gslafrica.org\/wg\/wp-content\/uploads\/2022\/06\/cropped-250X250.png","contentUrl":"https:\/\/ong-gslafrica.org\/wg\/wp-content\/uploads\/2022\/06\/cropped-250X250.png","width":250,"height":250,"caption":"ONG GSL AFRICA"},"image":{"@id":"https:\/\/ong-gslafrica.org\/wg\/#\/schema\/logo\/image\/"}}]}},"campaignId":"","_links":{"self":[{"href":"https:\/\/ong-gslafrica.org\/wg\/en\/wp-json\/wp\/v2\/pages\/291","targetHints":{"allow":["GET"]}}],"collection":[{"href":"https:\/\/ong-gslafrica.org\/wg\/en\/wp-json\/wp\/v2\/pages"}],"about":[{"href":"https:\/\/ong-gslafrica.org\/wg\/en\/wp-json\/wp\/v2\/types\/page"}],"author":[{"embeddable":true,"href":"https:\/\/ong-gslafrica.org\/wg\/en\/wp-json\/wp\/v2\/users\/1"}],"replies":[{"embeddable":true,"href":"https:\/\/ong-gslafrica.org\/wg\/en\/wp-json\/wp\/v2\/comments?post=291"}],"version-history":[{"count":63,"href":"https:\/\/ong-gslafrica.org\/wg\/en\/wp-json\/wp\/v2\/pages\/291\/revisions"}],"predecessor-version":[{"id":1472,"href":"https:\/\/ong-gslafrica.org\/wg\/en\/wp-json\/wp\/v2\/pages\/291\/revisions\/1472"}],"wp:attachment":[{"href":"https:\/\/ong-gslafrica.org\/wg\/en\/wp-json\/wp\/v2\/media?parent=291"}],"curies":[{"name":"wp","href":"https:\/\/api.w.org\/{rel}","templated":true}]}}