{"id":529,"date":"2022-07-01T00:43:57","date_gmt":"2022-06-30T23:43:57","guid":{"rendered":"https:\/\/ong-gslafrica.org\/wg\/?page_id=529"},"modified":"2022-10-13T13:45:49","modified_gmt":"2022-10-13T12:45:49","slug":"consultation","status":"publish","type":"page","link":"https:\/\/ong-gslafrica.org\/wg\/en\/consultation\/","title":{"rendered":"CONSULTATION"},"content":{"rendered":"<p><span>CONSULTATIONS<\/span>&nbsp;&nbsp;<\/p>\n\n\n<p><span lang=\"FR\" style=\"font-size: 13pt; text-align: center; line-height: 107%; color: rgb(255, 47, 47);\">ACTIONS|&nbsp;<\/span><span lang=\"FR\" style=\"font-size: 13pt; text-align: justify; line-height: 107%; color: rgb(191, 191, 191);\">CONSULTATION<\/span>&nbsp;<\/p>\n\n\n\n\n\n\n\n\n\n\n\n\n\n\n\n\n\n\n\n\n\n\n\n\n\n\n\n\n\n\n\n<p>presentation<\/p>\n\n\n<p class=\"MsoNormal\" style=\"text-align:justify\"><span lang=\"FR\" style=\"font-size:14.0pt; color: black; line-height:107%\">Under the direction of a head of department, the NGO\n\"GSL-Africa\/Consulting\" will mobilize researchers, experts in\nactivity and retired professionals, in the fields of Security,\nDefense, Economy, Diplomacy, Communication,\nHumanitarian and Intelligence of the African continent. <o:p><\/o:p><\/span><\/p>\n<p class=\"MsoNormal\" style=\"text-align:justify\"><span lang=\"FR\" style=\"font-size:14.0pt;line-height:107%\">&nbsp;<\/span><\/p>\n<p class=\"MsoNormal\" style=\"text-align:justify\"><span lang=\"FR\" style=\"font-size:14.0pt;  color: black; line-height:107%\">This pool of African experts will be responsible for\nto carry out research and consultation work for the benefit of the States,\nparliamentarians, international organizations, institutions\ndonors, NGOs or international partners for peace, security and development\nof Africa.<o:p><\/o:p><\/span><\/p>\n<p class=\"MsoNormal\" style=\"text-align:justify\"><span lang=\"FR\" style=\"font-size:14.0pt;  color: black; line-height:107%\">&nbsp;<\/span><\/p>\n<p class=\"MsoNormal\" style=\"text-align:justify\"><span lang=\"FR\" style=\"font-size:14.0pt; color: black; line-height:107%\">An operational strategy will be put in place to\nclearly define the objectives to be achieved, the means to be implemented and\nthe resources needed to achieve them.<o:p><\/o:p><\/span><\/p>\n<p class=\"MsoNormal\" style=\"text-align:justify\"><span lang=\"FR\" style=\"font-size:14.0pt; color: black; line-height:107%\">&nbsp;<\/span><\/p>\n<p class=\"MsoNormal\" style=\"text-align:justify\"><span lang=\"FR\" style=\"font-size:14.0pt; color: black; line-height:107%\">The modus operandi will essentially consist of\nseminars, forum or information, awareness and sharing workshops\nof experience.<o:p><\/o:p><\/span><\/p>\n<p class=\"MsoNormal\" style=\"text-align:justify\"><span lang=\"FR\" style=\"font-size:14.0pt; color: black; line-height:107%\">&nbsp;<\/span><\/p>\n<p class=\"MsoNormal\" style=\"text-align:justify\"><span lang=\"FR\" style=\"font-size:14.0pt; color: black; line-height:107%\">This involves organizing information seminars,\nresearch and exchanges with researchers, decision-makers and leaders of\nStates (deputies, magistrates, civil administrators, prefects, mayors, chiefs\nmilitary and police) regional organizations, institutions\ninternational organizations on the development of the African continent.<o:p><\/o:p><\/span><\/p>\n<p class=\"MsoNormal\" style=\"text-align:justify\"><span lang=\"FR\" style=\"font-size:14.0pt; color: black; line-height:107%\">&nbsp;<\/span><\/p>\n<p class=\"MsoNormal\" style=\"text-align:justify\"><span lang=\"FR\" style=\"font-size:14.0pt; color: black; line-height:107%\">These short-term training courses will give the right to\nparticipation certificates.<o:p><\/o:p><\/span><\/p>\n<p class=\"MsoNormal\" style=\"text-align:justify\"><span lang=\"FR\" style=\"font-size:13.0pt;line-height:107%\">&nbsp;<\/span><\/p>\n<p class=\"MsoNormal\" style=\"text-align:justify\"><span lang=\"FR\" style=\"font-size:14.0pt;line-height:107%\">Thus, the awareness-raising activities to be carried out by\nthe NGO \"GSL-Africa\/Consulting\" are&nbsp;<o:p><\/o:p><\/span><\/p>\n\n\n\n\n\n\n<h2><span lang=\"FR\" style=\"font-size:13.0pt;line-height:107%;font-family:&quot;Calibri&quot;,sans-serif;mso-ascii-theme-font:minor-latin;mso-fareast-font-family:Calibri;mso-fareast-theme-font:minor-latin;mso-hansi-theme-font:minor-latin;mso-bidi-font-family:&quot;Times New Roman&quot;;mso-bidi-theme-font:minor-bidi;mso-ansi-language:FR;mso-fareast-language:EN-US;mso-bidi-language:AR-SA\">Sessions\nCertificates in Strategic Leadership and African Development (LSDA)\nissued by the NGO GSL-Africa<\/span><br><\/h2>\n\n\n\n\n\n\n<p style=\"\"><span style=\"font-weight: 600; margin: 0px; padding: 0px; border: 0px; font-variant-numeric: inherit; font-variant-east-asian: inherit; font-stretch: inherit; font-size: 14px; line-height: 1.5; vertical-align: baseline;\"><font color=\"#231f20\">Session of African Decision Makers and Leaders (ADML); <\/font><\/span><br><\/p>\n\n\n\n\n<p style=\"\"><strong style=\"font-family: Cabin; font-size: 14px; line-height: 1.5;\"><font color=\"#231f20\">Session of African Executives and Designers (AED)<\/font><\/strong><br><\/p>\n\n\n\n\n<p style=\"\"><span style=\"line-height: 0.9; font-size: 14px;\"><strong style=\"line-height: 1.5;\"><font color=\"#231f20\">Young African Development Leaders Session (YADL)<\/font><\/strong><\/span><\/p>\n\n\n\n\n\n\n<h2><span lang=\"FR\" style=\"font-size:13.0pt;line-height:107%;font-family:&quot;Calibri&quot;,sans-serif;mso-ascii-theme-font:minor-latin;mso-fareast-font-family:Calibri;mso-fareast-theme-font:minor-latin;mso-hansi-theme-font:minor-latin;mso-bidi-font-family:&quot;Times New Roman&quot;;mso-bidi-theme-font:minor-bidi;mso-ansi-language:FR;mso-fareast-language:EN-US;mso-bidi-language:AR-SA\">Annual Leaders Seminars (ALS) organized by the NGO GSL-Africa<\/span><br><\/h2>\n\n\n\n\n\n\n<p style=\"\"><span style=\"font-weight: 600; margin: 0px; padding: 0px; border: 0px; font-variant-numeric: inherit; font-variant-east-asian: inherit; font-stretch: inherit; font-size: 14px; line-height: 1.5; vertical-align: baseline;\"><font color=\"#231f20\">Seminar for African elites on the issues, challenges and strategic interests of national development (54 SAL-countries); <\/font><\/span><br><\/p>\n\n\n\n\n<p style=\"\"><strong style=\"font-family: Cabin; font-size: 14px; line-height: 1.5;\"><font color=\"#231f20\">Seminar for African elites on the issues, challenges and strategic interests of regional development (05 SAL-region)<\/font><\/strong><br><\/p>\n\n\n\n\n<p style=\"\"><span style=\"line-height: 0.9; font-size: 14px;\"><strong style=\"line-height: 1.5;\"><font color=\"#231f20\">Seminar for African elites on the issues, challenges and strategic interests of continental development (01 SAL-Africa).<\/font><\/strong><\/span><\/p>\n\n\n\n\n\n\n<p style=\"text-align: justify;\"><span lang=\"FR\" style=\"font-size:14.0pt; color: black; line-height:107%;font-family:&quot;Calibri&quot;,sans-serif;mso-ascii-theme-font:minor-latin;mso-fareast-font-family:Calibri;mso-fareast-theme-font:minor-latin;mso-hansi-theme-font:minor-latin;mso-bidi-font-family:&quot;Times New Roman&quot;;mso-bidi-theme-font:minor-bidi;mso-ansi-language:FR;mso-fareast-language:EN-US;mso-bidi-language:AR-SA\">The organization\nefficiency of these research and consultation, training and\nAwareness raises awareness of the issues and challenges in the\ncontinent and contributes to an integral transformation of the environment\nstrategy for the defense of the vital interests of sustainable development of\nAfrica<\/span><br><\/p>\n\n\n\n\n\n\n<h3 class=\"MsoNormal\" style=\"text-align:center\"><span lang=\"FR\" style=\"font-size:10.0pt;line-height:107%\">ROLE OF THE CONSULTATION PROGRAM OFFICER&nbsp;<o:p><\/o:p><\/span><\/h3>\n\n\n\nPlanification des s\u00e9minaires des \u00c9lites (Etats, CER et UA)\n\n\nPlanification des formations certifiantes de leaders des secteurs publics et priv\u00e9s (Leaders, d\u00e9cideurs politiques et cadres concepteurs)\n\n\nPlanification d\u2019autres activit\u00e9s de consultation, de sensibilisation ou d\u2019information (gouvernement, parlementaires, communautaires \u00e9trang\u00e8res\n\n\nDiasporas, organisations internationales, institutions financi\u00e8res, ONG et autres partenaires strat\u00e9giques);\n\n\n\n\n\n\n\n\n\n\n\n\n\n\n<h2>other DEPARTMENTS<\/h2>\n\n\n\n\n<p style=\"font-size: 15px; text-align: justify;\"><span style=\"font-family: Tahoma, Geneva, sans-serif;\"><font color=\"black\"><strong> Under the direction of a Head of Department, the NGO \u201cGSL-Afri<span style=\"color: black;\"><\/span>ca\/Consulting \u00bb mobilise des chercheurs, des experts en activit\u00e9 et professionnels \u00e0 la retraite, dans les domaines de la S\u00e9curit\u00e9, de la D\u00e9fense, de&#8230;.&nbsp;&nbsp;<\/strong><\/font><\/span><\/p>\n\n\n<p style=\"font-size: 15px; text-align: justify ;\"><strong style=\"color: black; font-family: Tahoma, Geneva, sans-serif;\">Sous la direction d\u2019un chef de D\u00e9partement Formation, l\u2019ONG \u00ab GSL-Africa\/\u00c9ducation \u00bb mobilise les chercheurs et enseignants \u00e9m\u00e9rites en activit\u00e9 comme \u00e0 la retraite pour former la jeunesse pour le d\u00e9veloppement de l\u2019Afrique&#8230;<\/strong><br><\/p>\n\n\n<p style=\"font-size: 15px; text-align: left;\"><span style=\"font-family: Tahoma, Geneva, sans-serif;\"><font color=\"black\"><strong>Sous la direction d\u2019un chef de D\u00e9partement actions humanitaires, l\u2019ONG \u00ab GSL-Africa\/Assistance \u00bb mobilise les chercheurs, humanitaires et volontaires \u00e0 l\u2019initiative de paix et de d\u00e9veloppement, \u00e0 la retraite &#8230;  <\/strong><\/font><\/span><\/p>\n\n\n<p style=\"font-size: 15px; text-align: left;\"><span style=\"font-family: Tahoma, Geneva, sans-serif;\"><font color=\"black\"><strong> Under the direction of a Head of Department, the NGO \u201cGSL-Afri<span style=\"color: black;\"><\/span>ca\/Consulting \u00bb&nbsp; &nbsp; &nbsp; &nbsp; mobilise des chercheurs, des experts en activit\u00e9 et professionnels \u00e0 la retraite, dans les domaines de la S\u00e9curit\u00e9, de la D\u00e9fense, de&#8230;&nbsp;&nbsp;<\/strong><\/font><\/span><\/p>","protected":false},"excerpt":{"rendered":"","protected":false},"author":1,"featured_media":0,"parent":0,"menu_order":0,"comment_status":"open","ping_status":"closed","template":"","meta":{"give_campaign_id":0,"footnotes":""},"class_list":["post-529","page","type-page","status-publish","hentry"],"yoast_head":"<!-- This site is optimized with the Yoast SEO plugin v27.5 - https:\/\/yoast.com\/product\/yoast-seo-wordpress\/ -->\n<title>CONSULTATION - ONG GSL AFRICA<\/title>\n<meta name=\"robots\" content=\"index, follow, max-snippet:-1, max-image-preview:large, max-video-preview:-1\" \/>\n<link rel=\"canonical\" href=\"https:\/\/ong-gslafrica.org\/wg\/en\/consultation\/\" \/>\n<meta property=\"og:locale\" content=\"en_US\" \/>\n<meta property=\"og:type\" content=\"article\" \/>\n<meta property=\"og:title\" content=\"CONSULTATION - ONG GSL AFRICA\" \/>\n<meta property=\"og:url\" content=\"https:\/\/ong-gslafrica.org\/wg\/en\/consultation\/\" \/>\n<meta property=\"og:site_name\" content=\"ONG GSL AFRICA\" \/>\n<meta property=\"article:modified_time\" content=\"2022-10-13T12:45:49+00:00\" \/>\n<meta name=\"twitter:card\" content=\"summary_large_image\" \/>\n<meta name=\"twitter:label1\" content=\"Est. reading time\" \/>\n\t<meta name=\"twitter:data1\" content=\"3 minutes\" \/>\n<script type=\"application\/ld+json\" class=\"yoast-schema-graph\">{\"@context\":\"https:\\\/\\\/schema.org\",\"@graph\":[{\"@type\":\"WebPage\",\"@id\":\"https:\\\/\\\/ong-gslafrica.org\\\/wg\\\/consultation\\\/\",\"url\":\"https:\\\/\\\/ong-gslafrica.org\\\/wg\\\/consultation\\\/\",\"name\":\"CONSULTATION - ONG GSL AFRICA\",\"isPartOf\":{\"@id\":\"https:\\\/\\\/ong-gslafrica.org\\\/wg\\\/#website\"},\"datePublished\":\"2022-06-30T23:43:57+00:00\",\"dateModified\":\"2022-10-13T12:45:49+00:00\",\"breadcrumb\":{\"@id\":\"https:\\\/\\\/ong-gslafrica.org\\\/wg\\\/consultation\\\/#breadcrumb\"},\"inLanguage\":\"en-US\",\"potentialAction\":[{\"@type\":\"ReadAction\",\"target\":[\"https:\\\/\\\/ong-gslafrica.org\\\/wg\\\/consultation\\\/\"]}]},{\"@type\":\"BreadcrumbList\",\"@id\":\"https:\\\/\\\/ong-gslafrica.org\\\/wg\\\/consultation\\\/#breadcrumb\",\"itemListElement\":[{\"@type\":\"ListItem\",\"position\":1,\"name\":\"Accueil\",\"item\":\"https:\\\/\\\/ong-gslafrica.org\\\/wg\\\/\"},{\"@type\":\"ListItem\",\"position\":2,\"name\":\"CONSULTATION\"}]},{\"@type\":\"WebSite\",\"@id\":\"https:\\\/\\\/ong-gslafrica.org\\\/wg\\\/#website\",\"url\":\"https:\\\/\\\/ong-gslafrica.org\\\/wg\\\/\",\"name\":\"ONG GSL AFRICA\",\"description\":\"GLOBAL STRATEGY &amp; LEADERSHIP\",\"publisher\":{\"@id\":\"https:\\\/\\\/ong-gslafrica.org\\\/wg\\\/#organization\"},\"potentialAction\":[{\"@type\":\"SearchAction\",\"target\":{\"@type\":\"EntryPoint\",\"urlTemplate\":\"https:\\\/\\\/ong-gslafrica.org\\\/wg\\\/?s={search_term_string}\"},\"query-input\":{\"@type\":\"PropertyValueSpecification\",\"valueRequired\":true,\"valueName\":\"search_term_string\"}}],\"inLanguage\":\"en-US\"},{\"@type\":\"Organization\",\"@id\":\"https:\\\/\\\/ong-gslafrica.org\\\/wg\\\/#organization\",\"name\":\"ONG GSL AFRICA\",\"url\":\"https:\\\/\\\/ong-gslafrica.org\\\/wg\\\/\",\"logo\":{\"@type\":\"ImageObject\",\"inLanguage\":\"en-US\",\"@id\":\"https:\\\/\\\/ong-gslafrica.org\\\/wg\\\/#\\\/schema\\\/logo\\\/image\\\/\",\"url\":\"https:\\\/\\\/ong-gslafrica.org\\\/wg\\\/wp-content\\\/uploads\\\/2022\\\/06\\\/cropped-250X250.png\",\"contentUrl\":\"https:\\\/\\\/ong-gslafrica.org\\\/wg\\\/wp-content\\\/uploads\\\/2022\\\/06\\\/cropped-250X250.png\",\"width\":250,\"height\":250,\"caption\":\"ONG GSL AFRICA\"},\"image\":{\"@id\":\"https:\\\/\\\/ong-gslafrica.org\\\/wg\\\/#\\\/schema\\\/logo\\\/image\\\/\"}}]}<\/script>\n<!-- \/ Yoast SEO plugin. -->","yoast_head_json":{"title":"CONSULTATION - ONG GSL AFRICA","robots":{"index":"index","follow":"follow","max-snippet":"max-snippet:-1","max-image-preview":"max-image-preview:large","max-video-preview":"max-video-preview:-1"},"canonical":"https:\/\/ong-gslafrica.org\/wg\/en\/consultation\/","og_locale":"en_US","og_type":"article","og_title":"CONSULTATION - ONG GSL AFRICA","og_url":"https:\/\/ong-gslafrica.org\/wg\/en\/consultation\/","og_site_name":"ONG GSL AFRICA","article_modified_time":"2022-10-13T12:45:49+00:00","twitter_card":"summary_large_image","twitter_misc":{"Est. reading time":"3 minutes"},"schema":{"@context":"https:\/\/schema.org","@graph":[{"@type":"WebPage","@id":"https:\/\/ong-gslafrica.org\/wg\/consultation\/","url":"https:\/\/ong-gslafrica.org\/wg\/consultation\/","name":"CONSULTATION - ONG GSL AFRICA","isPartOf":{"@id":"https:\/\/ong-gslafrica.org\/wg\/#website"},"datePublished":"2022-06-30T23:43:57+00:00","dateModified":"2022-10-13T12:45:49+00:00","breadcrumb":{"@id":"https:\/\/ong-gslafrica.org\/wg\/consultation\/#breadcrumb"},"inLanguage":"en-US","potentialAction":[{"@type":"ReadAction","target":["https:\/\/ong-gslafrica.org\/wg\/consultation\/"]}]},{"@type":"BreadcrumbList","@id":"https:\/\/ong-gslafrica.org\/wg\/consultation\/#breadcrumb","itemListElement":[{"@type":"ListItem","position":1,"name":"Accueil","item":"https:\/\/ong-gslafrica.org\/wg\/"},{"@type":"ListItem","position":2,"name":"CONSULTATION"}]},{"@type":"WebSite","@id":"https:\/\/ong-gslafrica.org\/wg\/#website","url":"https:\/\/ong-gslafrica.org\/wg\/","name":"ONG GSL AFRICA","description":"GLOBAL STRATEGY &amp; LEADERSHIP","publisher":{"@id":"https:\/\/ong-gslafrica.org\/wg\/#organization"},"potentialAction":[{"@type":"SearchAction","target":{"@type":"EntryPoint","urlTemplate":"https:\/\/ong-gslafrica.org\/wg\/?s={search_term_string}"},"query-input":{"@type":"PropertyValueSpecification","valueRequired":true,"valueName":"search_term_string"}}],"inLanguage":"en-US"},{"@type":"Organization","@id":"https:\/\/ong-gslafrica.org\/wg\/#organization","name":"ONG GSL AFRICA","url":"https:\/\/ong-gslafrica.org\/wg\/","logo":{"@type":"ImageObject","inLanguage":"en-US","@id":"https:\/\/ong-gslafrica.org\/wg\/#\/schema\/logo\/image\/","url":"https:\/\/ong-gslafrica.org\/wg\/wp-content\/uploads\/2022\/06\/cropped-250X250.png","contentUrl":"https:\/\/ong-gslafrica.org\/wg\/wp-content\/uploads\/2022\/06\/cropped-250X250.png","width":250,"height":250,"caption":"ONG GSL AFRICA"},"image":{"@id":"https:\/\/ong-gslafrica.org\/wg\/#\/schema\/logo\/image\/"}}]}},"campaignId":"","_links":{"self":[{"href":"https:\/\/ong-gslafrica.org\/wg\/en\/wp-json\/wp\/v2\/pages\/529","targetHints":{"allow":["GET"]}}],"collection":[{"href":"https:\/\/ong-gslafrica.org\/wg\/en\/wp-json\/wp\/v2\/pages"}],"about":[{"href":"https:\/\/ong-gslafrica.org\/wg\/en\/wp-json\/wp\/v2\/types\/page"}],"author":[{"embeddable":true,"href":"https:\/\/ong-gslafrica.org\/wg\/en\/wp-json\/wp\/v2\/users\/1"}],"replies":[{"embeddable":true,"href":"https:\/\/ong-gslafrica.org\/wg\/en\/wp-json\/wp\/v2\/comments?post=529"}],"version-history":[{"count":26,"href":"https:\/\/ong-gslafrica.org\/wg\/en\/wp-json\/wp\/v2\/pages\/529\/revisions"}],"predecessor-version":[{"id":1406,"href":"https:\/\/ong-gslafrica.org\/wg\/en\/wp-json\/wp\/v2\/pages\/529\/revisions\/1406"}],"wp:attachment":[{"href":"https:\/\/ong-gslafrica.org\/wg\/en\/wp-json\/wp\/v2\/media?parent=529"}],"curies":[{"name":"wp","href":"https:\/\/api.w.org\/{rel}","templated":true}]}}