{"id":541,"date":"2022-07-01T00:49:32","date_gmt":"2022-06-30T23:49:32","guid":{"rendered":"https:\/\/ong-gslafrica.org\/wg\/?page_id=541"},"modified":"2023-06-14T18:21:03","modified_gmt":"2023-06-14T17:21:03","slug":"action-humanitaire","status":"publish","type":"page","link":"https:\/\/ong-gslafrica.org\/wg\/en\/action-humanitaire\/","title":{"rendered":"HUMANITARIAN ACTION"},"content":{"rendered":"<h2>Presentation<\/h2>\n\n\n<p style=\"text-align: justify;\"><span style=\"font-size: 20px; font-family: khula; color: black\">Sous la direction d\u2019un chef de D\u00e9partement actions humanitaires, l\u2019ONG Internationale \u00ab Global Strategy Leadership-Africa\/Assistance \u00bb va mobiliser les chercheurs, humanitaires et volontaires \u00e0 l\u2019initiative de paix et de d\u00e9veloppement, \u00e0 la retraite pour solliciter des aides, des dons et organiser de l\u2019assistance et de la protection aux personnes en d\u00e9tresse, vuln\u00e9rables ou victimes des conflits arm\u00e9s ou situations de violence.\nCe pool de chercheurs, humanitaires et volontaires \u00e0 l\u2019initiative de paix et de d\u00e9veloppement aura pour missions de concevoir des programmes d\u2019aides, de dons, de protection et d\u2019assistance aupr\u00e8s des partenaires et ONG nationaux, r\u00e9gionaux et internationaux pour soulager les souffrances et les peines des personnes en d\u00e9tresse ou des populations victimes des conflits arm\u00e9s et autres situations de violence sur le continent africain.\nUne strat\u00e9gie op\u00e9rationnelle sera mise en place pour d\u00e9finir clairement les objectifs \u00e0 atteindre, les moyens \u00e0 mettre en \u0153uvre et les ressources n\u00e9cessaires pour les r\u00e9aliser.\nLe modus operandi sera constitu\u00e9 essentiellement de s\u00e9minaires, forum ou ateliers de sensibilisation et de partage d\u2019exp\u00e9rience, d\u2019organisation d\u2019\u00e9v\u00e8nements culturels, de projets de concours, d\u2019appels \u00e0 l\u2019aide, \u00e0 des dons et aux volontariats \u00e0 travers une strat\u00e9gie efficace de communication sur les activit\u00e9s de l\u2019ONG&#8230;\nElle permettra \u00e0 termes de mobiliser les ressources financi\u00e8res, mat\u00e9rielles et humaines n\u00e9cessaires pour la r\u00e9alisation des activit\u00e9s majeures de l\u2019ONG \u00e0 caract\u00e8re international \u00ab GSL-Africa \u00bb.<\/span>\n &nbsp;<\/p>\n\n\n\n\n\n\n\n\n\n\n<h2>Financial organizations and institutions<\/h2>\n\n\n\n\n\n\n\n\n\n\n<p style=\"text-align: justify; font-family: khula; color: black; font-size: 20px\">Technical partnerships will be solicited each year from States, regional communities, African organizations, Non-Governmental Organizations, private donors, financial institutions and international organizations.<\/p>\n\n\n<p><br><\/p>\n\n\n\n\n\n\n\n<h2>the states<\/h2>\n\n\n\n\n\n\n\n\n\n\n\n\n\n\n\n\n\n\n\n\n\n\n\n\n<h2>International organisations<\/h2>\n\n\n\n\n\n\n\n&nbsp;\n\n\n\n\n&nbsp;\n\n\n\n\n\n\n\n\n<h2>Financial organizations and institutions<\/h2>\n\n\n\n\n\n\n\n\n\n\n\n\n\n\n\n\n\n\n\n\n\n\n\n<h2>Our achievements <\/h2>\n\n\n\n\n\n\n\n\n\n\n\n<h2>succeed<\/h2>\n\n\n\n\n\n<h2>succeed<\/h2>\n\n\n\n\n\n<h2>Very successful<\/h2>\n\n\n\n\n\n<h2>succeed<\/h2>\n\n\n\n\n\n\n\n\n\n\n<h2>volunteering<\/h2>\n\n\n<p style=\"text-align: center; \"><span style=\"color: rgb(255, 255, 255); font-family: khula\"> Etre volontaire pour l&#8217;ONG INTERNATIONALE GLOBAL STRATEGY LEADERSHIP c&#8217;est appartenir \u00e0 une famille&nbsp;&nbsp;<\/span><\/p>\n\n\n\n\n<h2>Donate<\/h2>\n<h2>&#8211;<\/h2>\n\n\n\n\n<h2>RAISED: $5000<\/h2>\n\n\n\n\n<h2>GOAL: $10,000<\/h2>\n\n\n\n\n\n\n\n\n\n<h2>GALLERY<\/h2>\n\n\n\n\n\n\n\n\n\n\n\n\n\n\n\n\n\n\n\n\n\n\n\n\n\n\n\n\n\n\n\n\n\n\n\n\n\n\n\n\n\n\n\n\n\n\n\n\n\n\n\n\n\n\n\n\n\n\n\n\n\n\n\n\n\n\n\n\n\n\n\n\n\n\n\n\n\n\n\n\n\n\n\n\n\n\n\n\n\n\n\n\n\n\n\n\n\n\n\n\n\n\n\n\n<h2>Testimony<\/h2>\n\n\n\n<p>Merci \u00e0 l&#8217;ONG GSL-Africa pour son soutien aux victimes de guerre dans le Sahel &nbsp;<\/p>\n\n\n<p>GSL-Africa est une ONG qui \u0153uvre pour l&#8217;\u00e9ducation des filles en Afrique   <\/p>\n\n\n<p> GSL-Africa is an NGO working for girls' education in Africa  <\/p>\n\n\n\n\n\n\n\n\n<h2>other departments<\/h2>\n\n\n\n\n<p style=\"font-size: 15px; text-align: justify;\"><span style=\"font-family: Tahoma, Geneva, sans-serif;\"><font color=\"black\"><strong> Under the direction of a Head of Department, the NGO \u201cGSL-Afri<span style=\"color: black;\"><\/span>ca\/Consulting \u00bb mobilise des chercheurs, des experts en activit\u00e9 et professionnels \u00e0 la retraite, dans les domaines de la S\u00e9curit\u00e9, de la D\u00e9fense, de&#8230;.&nbsp;&nbsp;<\/strong><\/font><\/span><\/p>\n\n\n<p style=\"font-size: 15px; text-align: justify;\"><strong style=\"color: black; font-family: Tahoma, Geneva, sans-serif;\">Sous la direction d\u2019un chef de D\u00e9partement Formation, l\u2019ONG \u00ab GSL-Africa\/\u00c9ducation \u00bb mobilise les chercheurs et enseignants \u00e9m\u00e9rites en activit\u00e9 comme \u00e0 la retraite pour former la jeunesse pour le d\u00e9veloppement de l\u2019Afrique&#8230;<\/strong><br><\/p>\n\n\n<p style=\"font-size: 15px; text-align: left;\"><span style=\"font-family: Tahoma, Geneva, sans-serif;\"><font color=\"black\"><strong>Sous la direction d\u2019un chef de D\u00e9partement actions humanitaires, l\u2019ONG \u00ab GSL-Africa\/Assistance \u00bb mobilise les chercheurs, humanitaires et volontaires \u00e0 l\u2019initiative de paix et de d\u00e9veloppement, \u00e0 la retraite &#8230;  <\/strong><\/font><\/span><\/p>\n\n\n<p style=\"font-size: 15px; text-align: left;\"><span style=\"font-family: Tahoma, Geneva, sans-serif;\"><font color=\"black\"><strong> Under the direction of a Head of Department, the NGO \u201cGSL-Afri<span style=\"color: black;\"><\/span>ca\/Consulting \u00bb&nbsp; &nbsp; &nbsp; &nbsp; mobilise des chercheurs, des experts en activit\u00e9 et professionnels \u00e0 la retraite, dans les domaines de la S\u00e9curit\u00e9, de la D\u00e9fense, de&#8230;&nbsp;&nbsp;<\/strong><\/font><\/span><\/p>","protected":false},"excerpt":{"rendered":"","protected":false},"author":1,"featured_media":0,"parent":0,"menu_order":0,"comment_status":"open","ping_status":"closed","template":"","meta":{"give_campaign_id":0,"footnotes":""},"class_list":["post-541","page","type-page","status-publish","hentry"],"yoast_head":"<!-- This site is optimized with the Yoast SEO plugin v27.5 - https:\/\/yoast.com\/product\/yoast-seo-wordpress\/ -->\n<title>ACTION HUMANITAIRE - ONG GSL AFRICA<\/title>\n<meta name=\"robots\" content=\"index, follow, max-snippet:-1, max-image-preview:large, max-video-preview:-1\" \/>\n<link rel=\"canonical\" href=\"https:\/\/ong-gslafrica.org\/wg\/en\/action-humanitaire\/\" \/>\n<meta property=\"og:locale\" content=\"en_US\" \/>\n<meta property=\"og:type\" content=\"article\" \/>\n<meta property=\"og:title\" content=\"ACTION HUMANITAIRE - ONG GSL AFRICA\" \/>\n<meta property=\"og:url\" content=\"https:\/\/ong-gslafrica.org\/wg\/en\/action-humanitaire\/\" \/>\n<meta property=\"og:site_name\" content=\"ONG GSL AFRICA\" \/>\n<meta property=\"article:modified_time\" content=\"2023-06-14T17:21:03+00:00\" \/>\n<meta name=\"twitter:card\" content=\"summary_large_image\" \/>\n<meta name=\"twitter:label1\" content=\"Est. reading time\" \/>\n\t<meta name=\"twitter:data1\" content=\"3 minutes\" \/>\n<script type=\"application\/ld+json\" class=\"yoast-schema-graph\">{\"@context\":\"https:\\\/\\\/schema.org\",\"@graph\":[{\"@type\":\"WebPage\",\"@id\":\"https:\\\/\\\/ong-gslafrica.org\\\/wg\\\/action-humanitaire\\\/\",\"url\":\"https:\\\/\\\/ong-gslafrica.org\\\/wg\\\/action-humanitaire\\\/\",\"name\":\"ACTION HUMANITAIRE - ONG GSL AFRICA\",\"isPartOf\":{\"@id\":\"https:\\\/\\\/ong-gslafrica.org\\\/wg\\\/#website\"},\"datePublished\":\"2022-06-30T23:49:32+00:00\",\"dateModified\":\"2023-06-14T17:21:03+00:00\",\"breadcrumb\":{\"@id\":\"https:\\\/\\\/ong-gslafrica.org\\\/wg\\\/action-humanitaire\\\/#breadcrumb\"},\"inLanguage\":\"en-US\",\"potentialAction\":[{\"@type\":\"ReadAction\",\"target\":[\"https:\\\/\\\/ong-gslafrica.org\\\/wg\\\/action-humanitaire\\\/\"]}]},{\"@type\":\"BreadcrumbList\",\"@id\":\"https:\\\/\\\/ong-gslafrica.org\\\/wg\\\/action-humanitaire\\\/#breadcrumb\",\"itemListElement\":[{\"@type\":\"ListItem\",\"position\":1,\"name\":\"Accueil\",\"item\":\"https:\\\/\\\/ong-gslafrica.org\\\/wg\\\/\"},{\"@type\":\"ListItem\",\"position\":2,\"name\":\"ACTION HUMANITAIRE\"}]},{\"@type\":\"WebSite\",\"@id\":\"https:\\\/\\\/ong-gslafrica.org\\\/wg\\\/#website\",\"url\":\"https:\\\/\\\/ong-gslafrica.org\\\/wg\\\/\",\"name\":\"ONG GSL AFRICA\",\"description\":\"GLOBAL STRATEGY &amp; LEADERSHIP\",\"publisher\":{\"@id\":\"https:\\\/\\\/ong-gslafrica.org\\\/wg\\\/#organization\"},\"potentialAction\":[{\"@type\":\"SearchAction\",\"target\":{\"@type\":\"EntryPoint\",\"urlTemplate\":\"https:\\\/\\\/ong-gslafrica.org\\\/wg\\\/?s={search_term_string}\"},\"query-input\":{\"@type\":\"PropertyValueSpecification\",\"valueRequired\":true,\"valueName\":\"search_term_string\"}}],\"inLanguage\":\"en-US\"},{\"@type\":\"Organization\",\"@id\":\"https:\\\/\\\/ong-gslafrica.org\\\/wg\\\/#organization\",\"name\":\"ONG GSL AFRICA\",\"url\":\"https:\\\/\\\/ong-gslafrica.org\\\/wg\\\/\",\"logo\":{\"@type\":\"ImageObject\",\"inLanguage\":\"en-US\",\"@id\":\"https:\\\/\\\/ong-gslafrica.org\\\/wg\\\/#\\\/schema\\\/logo\\\/image\\\/\",\"url\":\"https:\\\/\\\/ong-gslafrica.org\\\/wg\\\/wp-content\\\/uploads\\\/2022\\\/06\\\/cropped-250X250.png\",\"contentUrl\":\"https:\\\/\\\/ong-gslafrica.org\\\/wg\\\/wp-content\\\/uploads\\\/2022\\\/06\\\/cropped-250X250.png\",\"width\":250,\"height\":250,\"caption\":\"ONG GSL AFRICA\"},\"image\":{\"@id\":\"https:\\\/\\\/ong-gslafrica.org\\\/wg\\\/#\\\/schema\\\/logo\\\/image\\\/\"}}]}<\/script>\n<!-- \/ Yoast SEO plugin. -->","yoast_head_json":{"title":"ACTION HUMANITAIRE - ONG GSL AFRICA","robots":{"index":"index","follow":"follow","max-snippet":"max-snippet:-1","max-image-preview":"max-image-preview:large","max-video-preview":"max-video-preview:-1"},"canonical":"https:\/\/ong-gslafrica.org\/wg\/en\/action-humanitaire\/","og_locale":"en_US","og_type":"article","og_title":"ACTION HUMANITAIRE - ONG GSL AFRICA","og_url":"https:\/\/ong-gslafrica.org\/wg\/en\/action-humanitaire\/","og_site_name":"ONG GSL AFRICA","article_modified_time":"2023-06-14T17:21:03+00:00","twitter_card":"summary_large_image","twitter_misc":{"Est. reading time":"3 minutes"},"schema":{"@context":"https:\/\/schema.org","@graph":[{"@type":"WebPage","@id":"https:\/\/ong-gslafrica.org\/wg\/action-humanitaire\/","url":"https:\/\/ong-gslafrica.org\/wg\/action-humanitaire\/","name":"ACTION HUMANITAIRE - ONG GSL AFRICA","isPartOf":{"@id":"https:\/\/ong-gslafrica.org\/wg\/#website"},"datePublished":"2022-06-30T23:49:32+00:00","dateModified":"2023-06-14T17:21:03+00:00","breadcrumb":{"@id":"https:\/\/ong-gslafrica.org\/wg\/action-humanitaire\/#breadcrumb"},"inLanguage":"en-US","potentialAction":[{"@type":"ReadAction","target":["https:\/\/ong-gslafrica.org\/wg\/action-humanitaire\/"]}]},{"@type":"BreadcrumbList","@id":"https:\/\/ong-gslafrica.org\/wg\/action-humanitaire\/#breadcrumb","itemListElement":[{"@type":"ListItem","position":1,"name":"Accueil","item":"https:\/\/ong-gslafrica.org\/wg\/"},{"@type":"ListItem","position":2,"name":"ACTION HUMANITAIRE"}]},{"@type":"WebSite","@id":"https:\/\/ong-gslafrica.org\/wg\/#website","url":"https:\/\/ong-gslafrica.org\/wg\/","name":"ONG GSL AFRICA","description":"GLOBAL STRATEGY &amp; LEADERSHIP","publisher":{"@id":"https:\/\/ong-gslafrica.org\/wg\/#organization"},"potentialAction":[{"@type":"SearchAction","target":{"@type":"EntryPoint","urlTemplate":"https:\/\/ong-gslafrica.org\/wg\/?s={search_term_string}"},"query-input":{"@type":"PropertyValueSpecification","valueRequired":true,"valueName":"search_term_string"}}],"inLanguage":"en-US"},{"@type":"Organization","@id":"https:\/\/ong-gslafrica.org\/wg\/#organization","name":"ONG GSL AFRICA","url":"https:\/\/ong-gslafrica.org\/wg\/","logo":{"@type":"ImageObject","inLanguage":"en-US","@id":"https:\/\/ong-gslafrica.org\/wg\/#\/schema\/logo\/image\/","url":"https:\/\/ong-gslafrica.org\/wg\/wp-content\/uploads\/2022\/06\/cropped-250X250.png","contentUrl":"https:\/\/ong-gslafrica.org\/wg\/wp-content\/uploads\/2022\/06\/cropped-250X250.png","width":250,"height":250,"caption":"ONG GSL AFRICA"},"image":{"@id":"https:\/\/ong-gslafrica.org\/wg\/#\/schema\/logo\/image\/"}}]}},"campaignId":"","_links":{"self":[{"href":"https:\/\/ong-gslafrica.org\/wg\/en\/wp-json\/wp\/v2\/pages\/541","targetHints":{"allow":["GET"]}}],"collection":[{"href":"https:\/\/ong-gslafrica.org\/wg\/en\/wp-json\/wp\/v2\/pages"}],"about":[{"href":"https:\/\/ong-gslafrica.org\/wg\/en\/wp-json\/wp\/v2\/types\/page"}],"author":[{"embeddable":true,"href":"https:\/\/ong-gslafrica.org\/wg\/en\/wp-json\/wp\/v2\/users\/1"}],"replies":[{"embeddable":true,"href":"https:\/\/ong-gslafrica.org\/wg\/en\/wp-json\/wp\/v2\/comments?post=541"}],"version-history":[{"count":59,"href":"https:\/\/ong-gslafrica.org\/wg\/en\/wp-json\/wp\/v2\/pages\/541\/revisions"}],"predecessor-version":[{"id":1431,"href":"https:\/\/ong-gslafrica.org\/wg\/en\/wp-json\/wp\/v2\/pages\/541\/revisions\/1431"}],"wp:attachment":[{"href":"https:\/\/ong-gslafrica.org\/wg\/en\/wp-json\/wp\/v2\/media?parent=541"}],"curies":[{"name":"wp","href":"https:\/\/api.w.org\/{rel}","templated":true}]}}