{"id":322,"date":"2022-06-22T09:31:07","date_gmt":"2022-06-22T08:31:07","guid":{"rendered":"https:\/\/ong-gslafrica.org\/wg\/projects\/"},"modified":"2022-10-03T08:26:21","modified_gmt":"2022-10-03T07:26:21","slug":"projects","status":"publish","type":"page","link":"https:\/\/ong-gslafrica.org\/wg\/projects\/","title":{"rendered":"Projets"},"content":{"rendered":"\n\n\n\n\n\n\n\n\nNos Projets volet Education et Formation\n\n\n\n\n<p style=\"color: black; font-family: khula; text-align: left ; font-size: 18px;\">Projet de cr\u00e9ation \u00e0 Natitingou (04 parcelles), \u00e0 Parakou (04 parcelles) et \u00e0 Misserete (04 parcelles) de trois (03) coll\u00e8ge d\u2019enseignement g\u00e9n\u00e9ral pour les enfants (filles ou gar\u00e7ons) \u00e2g\u00e9s de 10 \u00e0 13 ans victimes des conflits arm\u00e9s et autres situations de violence dans le Sahel (Mali, Niger Burkina Tchad, Centrafrique, Cameroun etc&#8230;) avec des salles de cours, internats, salle de jeux, de sports et r\u00e9fectoire et pris en charge par la communaut\u00e9 internationale au B\u00e9nin<\/span><\/p>\n\n\n<p style=\"color: black; font-family: khula; text-align: left; font-size: 18px;\">Projet de cr\u00e9ation \u00e0 Parakou (06 hectares) d\u2019un centre de formation et de r\u00e9insertion professionnelle des jeunes africains issus de l\u2019\u00e9migration clandestine vers l\u2019Europe et les USA ou victimes des conflits arm\u00e9s et situations de violence dans la Sahel (Taillerie, coiffure, m\u00e9canique, plomberie, menuiserie, activit\u00e9s g\u00e9n\u00e9ratrices de revenus etc&#8230;) et pris en charge par la communaut\u00e9 internationale au B\u00e9nin<\/p>\n\n\n<p style=\"color: black; font-family: khula; text-align: left; font-size: 18px;\">Projet de cr\u00e9ation \u00e0 Seme Kpodji (10 parcelles) d\u2019une universit\u00e9 de l\u2019ONG Internationale Global Strategy Leadership Africa pour les recherches et la formation sup\u00e9rieure des jeunes africains victimes des conflits arm\u00e9s et situation de violence des pays du Sahel, pris en charge par la communaut\u00e9 internationale et d\u00e9sireux de poursuivre des \u00e9tudes sup\u00e9rieures et universitaires (Licence-Master-Doctorat) au B\u00e9nin <\/p>\n\n\n<p style=\"color: black; font-family: khula; text-align: left; font-size: 18px;\">Projet de cr\u00e9ation d\u2019un complexe scolaire \u00e0 Porto-Novo avec internat pour les enfants \u00e2g\u00e9s de 5 \u00e0 7 ans abandonn\u00e9s dans les conflits arm\u00e9s et situations de violence dans le Sahel et pris en charge par la communaut\u00e9 internationale au B\u00e9nin<\/p>\n\n\n\n\n<p style=\"color: black; font-family: khula; text-align: left; font-size: 18px;\">\nProjet de cr\u00e9ation d\u2019une garderie \u00e0 Porto-Novo avec internat pour les b\u00e9b\u00e9s \u00e2g\u00e9s de 2 \u00e0 5 ans abandonn\u00e9s dans les conflits arm\u00e9s et situations de violence dans le Sahel et pris en charge par la communaut\u00e9 internationale au B\u00e9nin <\/p>\n\n\n<p style=\"color: black; font-family: khula; text-align: left; font-size: 18px;\">\u00c9tudes techniques et \u00e9valuation des co\u00fbts de r\u00e9alisation des cinq (05) projets<\/p>\n\n\n<p style=\"color: black; font-family: khula; text-align: left; font-size: 18px;\">\u00c9tudes techniques et \u00e9laboration de la strat\u00e9gie de mobilisation des ressources financi\u00e8res et mat\u00e9rielles avec les \u00c9tats et les partenaires techniques et financiers<\/p>\n\n\n<p style=\"color: black; font-family: khula; text-align: ; font-size: 18px;\">\u00c9tudes techniques et \u00e9laboration de la strat\u00e9gie de mobilisation des ressources humaines et des comp\u00e9tences techniques <\/p>\n\n\n\n\n<p style=\"color: black; font-family: khula; text-align: left; font-size: 18px;\">\nProjet de cr\u00e9ation d\u2019une garderie \u00e0 Porto-Novo avec internat pour les b\u00e9b\u00e9s \u00e2g\u00e9s de 2 \u00e0 5 ans abandonn\u00e9s dans les conflits arm\u00e9s et situations de violence dans le Sahel et pris en charge par la communaut\u00e9 internationale au B\u00e9nin <\/p>\n\n\n<p style=\"color: black; font-family: khula; text-align: left; font-size: 18px;\"> &#8211; Les victimes b\u00e9n\u00e9ficiaires; <br>\n\t\u2043\tLes emplois cr\u00e9\u00e9s; <br>\n\t\u2043\tLe volet humanitaire des actions; <br>\n\t\u2043\tL\u2019apport financier des partenaires;  <br>\n\t\u2043\tL\u2019int\u00e9gration culturelle (francophone, anglophone et arabophone) africaine; <br>\n\t\n<\/p>\n\n\n<p style=\"color: black; font-family: khula; text-align: left; font-size: 18px;\">\u2043\tLa solidarit\u00e9 africaine avec des solutions africaines; <br>\n\t\u2043\tLe rayonnement diplomatique du B\u00e9nin, de l\u2019Afrique du Sud et de l\u2019Egypte; <br>\n\t\u2043\tLa mise en valeur du g\u00e9nie africain.\n<\/p>\n\n\n","protected":false},"excerpt":{"rendered":"","protected":false},"author":1,"featured_media":0,"parent":0,"menu_order":0,"comment_status":"closed","ping_status":"closed","template":"","meta":{"give_campaign_id":0,"footnotes":""},"class_list":["post-322","page","type-page","status-publish","hentry"],"yoast_head":"<!-- This site is optimized with the Yoast SEO plugin v27.5 - https:\/\/yoast.com\/product\/yoast-seo-wordpress\/ -->\n<title>Projets - ONG GSL AFRICA<\/title>\n<meta name=\"robots\" content=\"index, follow, max-snippet:-1, max-image-preview:large, max-video-preview:-1\" \/>\n<link rel=\"canonical\" href=\"https:\/\/ong-gslafrica.org\/wg\/projects\/\" \/>\n<meta property=\"og:locale\" content=\"fr_FR\" \/>\n<meta property=\"og:type\" content=\"article\" \/>\n<meta property=\"og:title\" content=\"Projets - ONG GSL AFRICA\" \/>\n<meta property=\"og:url\" content=\"https:\/\/ong-gslafrica.org\/wg\/projects\/\" \/>\n<meta property=\"og:site_name\" content=\"ONG GSL AFRICA\" \/>\n<meta property=\"article:modified_time\" content=\"2022-10-03T07:26:21+00:00\" \/>\n<meta name=\"twitter:card\" content=\"summary_large_image\" \/>\n<meta name=\"twitter:label1\" content=\"Dur\u00e9e de lecture estim\u00e9e\" \/>\n\t<meta name=\"twitter:data1\" content=\"2 minutes\" \/>\n<script type=\"application\/ld+json\" class=\"yoast-schema-graph\">{\"@context\":\"https:\\\/\\\/schema.org\",\"@graph\":[{\"@type\":\"WebPage\",\"@id\":\"https:\\\/\\\/ong-gslafrica.org\\\/wg\\\/projects\\\/\",\"url\":\"https:\\\/\\\/ong-gslafrica.org\\\/wg\\\/projects\\\/\",\"name\":\"Projets - ONG GSL AFRICA\",\"isPartOf\":{\"@id\":\"https:\\\/\\\/ong-gslafrica.org\\\/wg\\\/#website\"},\"datePublished\":\"2022-06-22T08:31:07+00:00\",\"dateModified\":\"2022-10-03T07:26:21+00:00\",\"breadcrumb\":{\"@id\":\"https:\\\/\\\/ong-gslafrica.org\\\/wg\\\/projects\\\/#breadcrumb\"},\"inLanguage\":\"fr-FR\",\"potentialAction\":[{\"@type\":\"ReadAction\",\"target\":[\"https:\\\/\\\/ong-gslafrica.org\\\/wg\\\/projects\\\/\"]}]},{\"@type\":\"BreadcrumbList\",\"@id\":\"https:\\\/\\\/ong-gslafrica.org\\\/wg\\\/projects\\\/#breadcrumb\",\"itemListElement\":[{\"@type\":\"ListItem\",\"position\":1,\"name\":\"Accueil\",\"item\":\"https:\\\/\\\/ong-gslafrica.org\\\/wg\\\/\"},{\"@type\":\"ListItem\",\"position\":2,\"name\":\"Projets\"}]},{\"@type\":\"WebSite\",\"@id\":\"https:\\\/\\\/ong-gslafrica.org\\\/wg\\\/#website\",\"url\":\"https:\\\/\\\/ong-gslafrica.org\\\/wg\\\/\",\"name\":\"ONG GSL AFRICA\",\"description\":\"GLOBAL STRATEGY &amp; LEADERSHIP\",\"publisher\":{\"@id\":\"https:\\\/\\\/ong-gslafrica.org\\\/wg\\\/#organization\"},\"potentialAction\":[{\"@type\":\"SearchAction\",\"target\":{\"@type\":\"EntryPoint\",\"urlTemplate\":\"https:\\\/\\\/ong-gslafrica.org\\\/wg\\\/?s={search_term_string}\"},\"query-input\":{\"@type\":\"PropertyValueSpecification\",\"valueRequired\":true,\"valueName\":\"search_term_string\"}}],\"inLanguage\":\"fr-FR\"},{\"@type\":\"Organization\",\"@id\":\"https:\\\/\\\/ong-gslafrica.org\\\/wg\\\/#organization\",\"name\":\"ONG GSL AFRICA\",\"url\":\"https:\\\/\\\/ong-gslafrica.org\\\/wg\\\/\",\"logo\":{\"@type\":\"ImageObject\",\"inLanguage\":\"fr-FR\",\"@id\":\"https:\\\/\\\/ong-gslafrica.org\\\/wg\\\/#\\\/schema\\\/logo\\\/image\\\/\",\"url\":\"https:\\\/\\\/ong-gslafrica.org\\\/wg\\\/wp-content\\\/uploads\\\/2022\\\/06\\\/cropped-250X250.png\",\"contentUrl\":\"https:\\\/\\\/ong-gslafrica.org\\\/wg\\\/wp-content\\\/uploads\\\/2022\\\/06\\\/cropped-250X250.png\",\"width\":250,\"height\":250,\"caption\":\"ONG GSL AFRICA\"},\"image\":{\"@id\":\"https:\\\/\\\/ong-gslafrica.org\\\/wg\\\/#\\\/schema\\\/logo\\\/image\\\/\"}}]}<\/script>\n<!-- \/ Yoast SEO plugin. -->","yoast_head_json":{"title":"Projets - ONG GSL AFRICA","robots":{"index":"index","follow":"follow","max-snippet":"max-snippet:-1","max-image-preview":"max-image-preview:large","max-video-preview":"max-video-preview:-1"},"canonical":"https:\/\/ong-gslafrica.org\/wg\/projects\/","og_locale":"fr_FR","og_type":"article","og_title":"Projets - ONG GSL AFRICA","og_url":"https:\/\/ong-gslafrica.org\/wg\/projects\/","og_site_name":"ONG GSL AFRICA","article_modified_time":"2022-10-03T07:26:21+00:00","twitter_card":"summary_large_image","twitter_misc":{"Dur\u00e9e de lecture estim\u00e9e":"2 minutes"},"schema":{"@context":"https:\/\/schema.org","@graph":[{"@type":"WebPage","@id":"https:\/\/ong-gslafrica.org\/wg\/projects\/","url":"https:\/\/ong-gslafrica.org\/wg\/projects\/","name":"Projets - ONG GSL AFRICA","isPartOf":{"@id":"https:\/\/ong-gslafrica.org\/wg\/#website"},"datePublished":"2022-06-22T08:31:07+00:00","dateModified":"2022-10-03T07:26:21+00:00","breadcrumb":{"@id":"https:\/\/ong-gslafrica.org\/wg\/projects\/#breadcrumb"},"inLanguage":"fr-FR","potentialAction":[{"@type":"ReadAction","target":["https:\/\/ong-gslafrica.org\/wg\/projects\/"]}]},{"@type":"BreadcrumbList","@id":"https:\/\/ong-gslafrica.org\/wg\/projects\/#breadcrumb","itemListElement":[{"@type":"ListItem","position":1,"name":"Accueil","item":"https:\/\/ong-gslafrica.org\/wg\/"},{"@type":"ListItem","position":2,"name":"Projets"}]},{"@type":"WebSite","@id":"https:\/\/ong-gslafrica.org\/wg\/#website","url":"https:\/\/ong-gslafrica.org\/wg\/","name":"ONG GSL AFRICA","description":"GLOBAL STRATEGY &amp; LEADERSHIP","publisher":{"@id":"https:\/\/ong-gslafrica.org\/wg\/#organization"},"potentialAction":[{"@type":"SearchAction","target":{"@type":"EntryPoint","urlTemplate":"https:\/\/ong-gslafrica.org\/wg\/?s={search_term_string}"},"query-input":{"@type":"PropertyValueSpecification","valueRequired":true,"valueName":"search_term_string"}}],"inLanguage":"fr-FR"},{"@type":"Organization","@id":"https:\/\/ong-gslafrica.org\/wg\/#organization","name":"ONG GSL AFRICA","url":"https:\/\/ong-gslafrica.org\/wg\/","logo":{"@type":"ImageObject","inLanguage":"fr-FR","@id":"https:\/\/ong-gslafrica.org\/wg\/#\/schema\/logo\/image\/","url":"https:\/\/ong-gslafrica.org\/wg\/wp-content\/uploads\/2022\/06\/cropped-250X250.png","contentUrl":"https:\/\/ong-gslafrica.org\/wg\/wp-content\/uploads\/2022\/06\/cropped-250X250.png","width":250,"height":250,"caption":"ONG GSL AFRICA"},"image":{"@id":"https:\/\/ong-gslafrica.org\/wg\/#\/schema\/logo\/image\/"}}]}},"campaignId":"","_links":{"self":[{"href":"https:\/\/ong-gslafrica.org\/wg\/wp-json\/wp\/v2\/pages\/322","targetHints":{"allow":["GET"]}}],"collection":[{"href":"https:\/\/ong-gslafrica.org\/wg\/wp-json\/wp\/v2\/pages"}],"about":[{"href":"https:\/\/ong-gslafrica.org\/wg\/wp-json\/wp\/v2\/types\/page"}],"author":[{"embeddable":true,"href":"https:\/\/ong-gslafrica.org\/wg\/wp-json\/wp\/v2\/users\/1"}],"replies":[{"embeddable":true,"href":"https:\/\/ong-gslafrica.org\/wg\/wp-json\/wp\/v2\/comments?post=322"}],"version-history":[{"count":15,"href":"https:\/\/ong-gslafrica.org\/wg\/wp-json\/wp\/v2\/pages\/322\/revisions"}],"predecessor-version":[{"id":1385,"href":"https:\/\/ong-gslafrica.org\/wg\/wp-json\/wp\/v2\/pages\/322\/revisions\/1385"}],"wp:attachment":[{"href":"https:\/\/ong-gslafrica.org\/wg\/wp-json\/wp\/v2\/media?parent=322"}],"curies":[{"name":"wp","href":"https:\/\/api.w.org\/{rel}","templated":true}]}}