{"id":529,"date":"2022-07-01T00:43:57","date_gmt":"2022-06-30T23:43:57","guid":{"rendered":"https:\/\/ong-gslafrica.org\/wg\/?page_id=529"},"modified":"2022-10-13T13:45:49","modified_gmt":"2022-10-13T12:45:49","slug":"consultation","status":"publish","type":"page","link":"https:\/\/ong-gslafrica.org\/wg\/consultation\/","title":{"rendered":"CONSULTATION"},"content":{"rendered":"\n\n\n\n\n<p><span>CONSULTATIONS<\/span>&nbsp;&nbsp;<\/p>\n\n\n<p><span lang=\"FR\" style=\"font-size: 13pt; text-align: center; line-height: 107%; color: rgb(255, 47, 47);\">ACTIONS|&nbsp;<\/span><span lang=\"FR\" style=\"font-size: 13pt; text-align: justify; line-height: 107%; color: rgb(191, 191, 191);\">CONSULTATION<\/span>&nbsp;<\/p>\n\n\n\n\n\n\n\n\n\n\n\n\n\n\n\n\n\n\n\n\n\n\n\n\n\n\n\n\n\n\n\n<p>pr\u00e9sentation<\/p>\n\n\n<p class=\"MsoNormal\" style=\"text-align:justify\"><span lang=\"FR\" style=\"font-size:\n14.0pt; color: black; line-height:107%\">Sous la direction d\u2019un chef de D\u00e9partement, l\u2019ONG\n\u00ab&nbsp;GSL-Africa\/Consulting&nbsp;\u00bb va mobiliser des chercheurs, des experts en\nactivit\u00e9 et professionnels \u00e0 la retraite, dans les domaines de la S\u00e9curit\u00e9, de\nla D\u00e9fense, de l\u2019Economie, de la Diplomatie, de la communication, de\nl\u2019humanitaire et de l\u2019Intelligence du continent africain. <o:p><\/o:p><\/span><\/p>\n<p class=\"MsoNormal\" style=\"text-align:justify\"><span lang=\"FR\" style=\"font-size:\n14.0pt;line-height:107%\">&nbsp;<\/span><\/p>\n<p class=\"MsoNormal\" style=\"text-align:justify\"><span lang=\"FR\" style=\"font-size:\n14.0pt;  color: black; line-height:107%\">Ce pool d\u2019experts africains aura pour mission\nd\u2019ex\u00e9cuter des travaux de recherches et de consultations au profit des \u00c9tats,\ndes parlementaires, des organisations internationales, des institutions\nfinanci\u00e8res, des ONG ou des partenaires internationaux&nbsp; pour la paix, la s\u00e9curit\u00e9 et le d\u00e9veloppement\nde l\u2019Afrique.<o:p><\/o:p><\/span><\/p>\n<p class=\"MsoNormal\" style=\"text-align:justify\"><span lang=\"FR\" style=\"font-size:\n14.0pt;  color: black; line-height:107%\">&nbsp;<\/span><\/p>\n<p class=\"MsoNormal\" style=\"text-align:justify\"><span lang=\"FR\" style=\"font-size:\n14.0pt; color: black; line-height:107%\">Une strat\u00e9gie op\u00e9rationnelle sera mise en place pour\nd\u00e9finir clairement les objectifs \u00e0 atteindre, les moyens \u00e0 mettre en \u0153uvre et\nles ressources n\u00e9cessaires pour les r\u00e9aliser.<o:p><\/o:p><\/span><\/p>\n<p class=\"MsoNormal\" style=\"text-align:justify\"><span lang=\"FR\" style=\"font-size:\n14.0pt; color: black; line-height:107%\">&nbsp;<\/span><\/p>\n<p class=\"MsoNormal\" style=\"text-align:justify\"><span lang=\"FR\" style=\"font-size:\n14.0pt; color: black; line-height:107%\">Le modus operandi sera constitu\u00e9 essentiellement de\ns\u00e9minaires, forum ou ateliers d\u2019information, de sensibilisation et de partage\nd\u2019exp\u00e9rience.<o:p><\/o:p><\/span><\/p>\n<p class=\"MsoNormal\" style=\"text-align:justify\"><span lang=\"FR\" style=\"font-size:\n14.0pt; color: black; line-height:107%\">&nbsp;<\/span><\/p>\n<p class=\"MsoNormal\" style=\"text-align:justify\"><span lang=\"FR\" style=\"font-size:\n14.0pt; color: black; line-height:107%\">Il s\u2019agit d\u2019organiser des s\u00e9minaires d\u2019information, de\nrecherches et d\u2019\u00e9changes avec les chercheurs, les d\u00e9cideurs et les leaders des\nEtats (d\u00e9put\u00e9s, magistrats, administrateurs civils, pr\u00e9fets, maires, des chefs\nde l\u2019arm\u00e9e et de la police) des organisations r\u00e9gionales, des institutions\ninternationales sur le d\u00e9veloppement du continent africain.<o:p><\/o:p><\/span><\/p>\n<p class=\"MsoNormal\" style=\"text-align:justify\"><span lang=\"FR\" style=\"font-size:\n14.0pt; color: black; line-height:107%\">&nbsp;<\/span><\/p>\n<p class=\"MsoNormal\" style=\"text-align:justify\"><span lang=\"FR\" style=\"font-size:\n14.0pt; color: black; line-height:107%\">Ces formations de courtes dur\u00e9es donneront droit \u00e0 des\ncertificats de participation.<o:p><\/o:p><\/span><\/p>\n<p class=\"MsoNormal\" style=\"text-align:justify\"><span lang=\"FR\" style=\"font-size:\n13.0pt;line-height:107%\">&nbsp;<\/span><\/p>\n<p class=\"MsoNormal\" style=\"text-align:justify\"><span lang=\"FR\" style=\"font-size:\n14.0pt;line-height:107%\">Ainsi, les activit\u00e9s de sensibilisation \u00e0 r\u00e9aliser par\nl\u2019ONG \u00ab&nbsp;GSL-Africa\/Consulting&nbsp;\u00bb sont&nbsp;<o:p><\/o:p><\/span><\/p>\n\n\n\n\n\n\n<h2><span lang=\"FR\" style=\"font-size:13.0pt;line-height:\n107%;font-family:&quot;Calibri&quot;,sans-serif;mso-ascii-theme-font:minor-latin;\nmso-fareast-font-family:Calibri;mso-fareast-theme-font:minor-latin;mso-hansi-theme-font:\nminor-latin;mso-bidi-font-family:&quot;Times New Roman&quot;;mso-bidi-theme-font:minor-bidi;\nmso-ansi-language:FR;mso-fareast-language:EN-US;mso-bidi-language:AR-SA\">Sessions\nde Certificats en Leadership Strat\u00e9gique et D\u00e9veloppement Africain (LSDA)\nd\u00e9livr\u00e9s par l\u2019ONG GSL-Africa<\/span><br><\/h2>\n\n\n\n\n\n\n<p style=\"\"><span style=\"font-weight: 600; margin: 0px; padding: 0px; border: 0px; font-variant-numeric: inherit; font-variant-east-asian: inherit; font-stretch: inherit; font-size: 14px; line-height: 1.5; vertical-align: baseline;\"><font color=\"#231f20\">Session des d\u00e9cideurs et leaders africains (DLA); <\/font><\/span><br><\/p>\n\n\n\n\n<p style=\"\"><strong style=\"font-family: Cabin; font-size: 14px; line-height: 1.5;\"><font color=\"#231f20\">Session des cadres et concepteurs africains (CCA)<\/font><\/strong><br><\/p>\n\n\n\n\n<p style=\"\"><span style=\"line-height: 0.9; font-size: 14px;\"><strong style=\"line-height: 1.5;\"><font color=\"#231f20\">Session des jeunes leaders africains de d\u00e9veloppement (JLAD)<\/font><\/strong><\/span><\/p>\n\n\n\n\n\n\n<h2><span lang=\"FR\" style=\"font-size:13.0pt;line-height:\n107%;font-family:&quot;Calibri&quot;,sans-serif;mso-ascii-theme-font:minor-latin;\nmso-fareast-font-family:Calibri;mso-fareast-theme-font:minor-latin;mso-hansi-theme-font:\nminor-latin;mso-bidi-font-family:&quot;Times New Roman&quot;;mso-bidi-theme-font:minor-bidi;\nmso-ansi-language:FR;mso-fareast-language:EN-US;mso-bidi-language:AR-SA\">S\u00e9minaires annuels des leaders (SAL) organis\u00e9s par l\u2019ONG GSL-Africa<\/span><br><\/h2>\n\n\n\n\n\n\n<p style=\"\"><span style=\"font-weight: 600; margin: 0px; padding: 0px; border: 0px; font-variant-numeric: inherit; font-variant-east-asian: inherit; font-stretch: inherit; font-size: 14px; line-height: 1.5; vertical-align: baseline;\"><font color=\"#231f20\">S\u00e9minaire des \u00e9lites africaines sur les enjeux, d\u00e9fis et int\u00e9r\u00eats strat\u00e9giques du d\u00e9veloppement national (54 SAL-pays); <\/font><\/span><br><\/p>\n\n\n\n\n<p style=\"\"><strong style=\"font-family: Cabin; font-size: 14px; line-height: 1.5;\"><font color=\"#231f20\">S\u00e9minaire des \u00e9lites africaines sur les enjeux, d\u00e9fis et int\u00e9r\u00eats strat\u00e9giques du d\u00e9veloppement r\u00e9gional (05 SAL-r\u00e9gion)<\/font><\/strong><br><\/p>\n\n\n\n\n<p style=\"\"><span style=\"line-height: 0.9; font-size: 14px;\"><strong style=\"line-height: 1.5;\"><font color=\"#231f20\">S\u00e9minaire des \u00e9lites africaines sur les enjeux, d\u00e9fis et int\u00e9r\u00eats strat\u00e9giques de d\u00e9veloppement continental (01 SAL-Africa).<\/font><\/strong><\/span><\/p>\n\n\n\n\n\n\n<p style=\"text-align: justify;\"><span lang=\"FR\" style=\"font-size:14.0pt; color: black; line-height:\n107%;font-family:&quot;Calibri&quot;,sans-serif;mso-ascii-theme-font:minor-latin;\nmso-fareast-font-family:Calibri;mso-fareast-theme-font:minor-latin;mso-hansi-theme-font:\nminor-latin;mso-bidi-font-family:&quot;Times New Roman&quot;;mso-bidi-theme-font:minor-bidi;\nmso-ansi-language:FR;mso-fareast-language:EN-US;mso-bidi-language:AR-SA\">L\u2019organisation\nefficiente de ces activit\u00e9s de recherche et de consultation, de formation et de\nsensibilisation permet une prise de conscience des enjeux et d\u00e9fis sur le\ncontinent et contribue \u00e0 une transformation int\u00e9grale de l\u2019environnement\nstrat\u00e9gique pour la d\u00e9fense des int\u00e9r\u00eats vitaux de d\u00e9veloppement durable de\nl\u2019Afrique<\/span><br><\/p>\n\n\n\n\n\n\n<h3 class=\"MsoNormal\" style=\"text-align:center\"><span lang=\"FR\" style=\"font-size:\n10.0pt;line-height:107%\">ROLE DU CHARGE DE PROGRAMMES CONSULTATIONS&nbsp;<o:p><\/o:p><\/span><\/h3>\n\n\n\nPlanification des s\u00e9minaires des \u00c9lites (Etats, CER et UA)\n\n\nPlanification des formations certifiantes de leaders des secteurs publics et priv\u00e9s (Leaders, d\u00e9cideurs politiques et cadres concepteurs)\n\n\nPlanification d\u2019autres activit\u00e9s de consultation, de sensibilisation ou d\u2019information (gouvernement, parlementaires, communautaires \u00e9trang\u00e8res\n\n\nDiasporas, organisations internationales, institutions financi\u00e8res, ONG et autres partenaires strat\u00e9giques);\n\n\n\n\n\n\n\n\n\n\n\n\n\n\n<h2>autres DEPARTEMENTS<\/h2>\n\n\n\n\n<p style=\"font-size: 15px; text-align: justify;\"><span style=\"font-family: Tahoma, Geneva, sans-serif;\"><font color=\"black\"><strong> Sous la direction d\u2019un chef de D\u00e9partement, l\u2019ONG \u00ab GSL-Afri<span style=\"color: black;\"><\/span>ca\/Consulting \u00bb mobilise des chercheurs, des experts en activit\u00e9 et professionnels \u00e0 la retraite, dans les domaines de la S\u00e9curit\u00e9, de la D\u00e9fense, de&#8230;.&nbsp;&nbsp;<\/strong><\/font><\/span><\/p>\n\n\n<p style=\"font-size: 15px; text-align: justify ;\"><strong style=\"color: black; font-family: Tahoma, Geneva, sans-serif;\">Sous la direction d\u2019un chef de D\u00e9partement Formation, l\u2019ONG \u00ab GSL-Africa\/\u00c9ducation \u00bb mobilise les chercheurs et enseignants \u00e9m\u00e9rites en activit\u00e9 comme \u00e0 la retraite pour former la jeunesse pour le d\u00e9veloppement de l\u2019Afrique&#8230;<\/strong><br><\/p>\n\n\n<p style=\"font-size: 15px; text-align: left;\"><span style=\"font-family: Tahoma, Geneva, sans-serif;\"><font color=\"black\"><strong>Sous la direction d\u2019un chef de D\u00e9partement actions humanitaires, l\u2019ONG \u00ab GSL-Africa\/Assistance \u00bb mobilise les chercheurs, humanitaires et volontaires \u00e0 l\u2019initiative de paix et de d\u00e9veloppement, \u00e0 la retraite &#8230;  <\/strong><\/font><\/span><\/p>\n\n\n<p style=\"font-size: 15px; text-align: left;\"><span style=\"font-family: Tahoma, Geneva, sans-serif;\"><font color=\"black\"><strong> Sous la direction d\u2019un chef de D\u00e9partement, l\u2019ONG \u00ab GSL-Afri<span style=\"color: black;\"><\/span>ca\/Consulting \u00bb&nbsp; &nbsp; &nbsp; &nbsp; mobilise des chercheurs, des experts en activit\u00e9 et professionnels \u00e0 la retraite, dans les domaines de la S\u00e9curit\u00e9, de la D\u00e9fense, de&#8230;&nbsp;&nbsp;<\/strong><\/font><\/span><\/p>\n\n\n","protected":false},"excerpt":{"rendered":"","protected":false},"author":1,"featured_media":0,"parent":0,"menu_order":0,"comment_status":"open","ping_status":"closed","template":"","meta":{"give_campaign_id":0,"footnotes":""},"class_list":["post-529","page","type-page","status-publish","hentry"],"yoast_head":"<!-- This site is optimized with the Yoast SEO plugin v27.5 - https:\/\/yoast.com\/product\/yoast-seo-wordpress\/ -->\n<title>CONSULTATION - ONG GSL AFRICA<\/title>\n<meta name=\"robots\" content=\"index, follow, max-snippet:-1, max-image-preview:large, max-video-preview:-1\" \/>\n<link rel=\"canonical\" href=\"https:\/\/ong-gslafrica.org\/wg\/consultation\/\" \/>\n<meta property=\"og:locale\" content=\"fr_FR\" \/>\n<meta property=\"og:type\" content=\"article\" \/>\n<meta property=\"og:title\" content=\"CONSULTATION - ONG GSL AFRICA\" \/>\n<meta property=\"og:url\" content=\"https:\/\/ong-gslafrica.org\/wg\/consultation\/\" \/>\n<meta property=\"og:site_name\" content=\"ONG GSL AFRICA\" \/>\n<meta property=\"article:modified_time\" content=\"2022-10-13T12:45:49+00:00\" \/>\n<meta name=\"twitter:card\" content=\"summary_large_image\" \/>\n<meta name=\"twitter:label1\" content=\"Dur\u00e9e de lecture estim\u00e9e\" \/>\n\t<meta name=\"twitter:data1\" content=\"3 minutes\" \/>\n<script type=\"application\/ld+json\" class=\"yoast-schema-graph\">{\"@context\":\"https:\\\/\\\/schema.org\",\"@graph\":[{\"@type\":\"WebPage\",\"@id\":\"https:\\\/\\\/ong-gslafrica.org\\\/wg\\\/consultation\\\/\",\"url\":\"https:\\\/\\\/ong-gslafrica.org\\\/wg\\\/consultation\\\/\",\"name\":\"CONSULTATION - ONG GSL AFRICA\",\"isPartOf\":{\"@id\":\"https:\\\/\\\/ong-gslafrica.org\\\/wg\\\/#website\"},\"datePublished\":\"2022-06-30T23:43:57+00:00\",\"dateModified\":\"2022-10-13T12:45:49+00:00\",\"breadcrumb\":{\"@id\":\"https:\\\/\\\/ong-gslafrica.org\\\/wg\\\/consultation\\\/#breadcrumb\"},\"inLanguage\":\"fr-FR\",\"potentialAction\":[{\"@type\":\"ReadAction\",\"target\":[\"https:\\\/\\\/ong-gslafrica.org\\\/wg\\\/consultation\\\/\"]}]},{\"@type\":\"BreadcrumbList\",\"@id\":\"https:\\\/\\\/ong-gslafrica.org\\\/wg\\\/consultation\\\/#breadcrumb\",\"itemListElement\":[{\"@type\":\"ListItem\",\"position\":1,\"name\":\"Accueil\",\"item\":\"https:\\\/\\\/ong-gslafrica.org\\\/wg\\\/\"},{\"@type\":\"ListItem\",\"position\":2,\"name\":\"CONSULTATION\"}]},{\"@type\":\"WebSite\",\"@id\":\"https:\\\/\\\/ong-gslafrica.org\\\/wg\\\/#website\",\"url\":\"https:\\\/\\\/ong-gslafrica.org\\\/wg\\\/\",\"name\":\"ONG GSL AFRICA\",\"description\":\"GLOBAL STRATEGY &amp; LEADERSHIP\",\"publisher\":{\"@id\":\"https:\\\/\\\/ong-gslafrica.org\\\/wg\\\/#organization\"},\"potentialAction\":[{\"@type\":\"SearchAction\",\"target\":{\"@type\":\"EntryPoint\",\"urlTemplate\":\"https:\\\/\\\/ong-gslafrica.org\\\/wg\\\/?s={search_term_string}\"},\"query-input\":{\"@type\":\"PropertyValueSpecification\",\"valueRequired\":true,\"valueName\":\"search_term_string\"}}],\"inLanguage\":\"fr-FR\"},{\"@type\":\"Organization\",\"@id\":\"https:\\\/\\\/ong-gslafrica.org\\\/wg\\\/#organization\",\"name\":\"ONG GSL AFRICA\",\"url\":\"https:\\\/\\\/ong-gslafrica.org\\\/wg\\\/\",\"logo\":{\"@type\":\"ImageObject\",\"inLanguage\":\"fr-FR\",\"@id\":\"https:\\\/\\\/ong-gslafrica.org\\\/wg\\\/#\\\/schema\\\/logo\\\/image\\\/\",\"url\":\"https:\\\/\\\/ong-gslafrica.org\\\/wg\\\/wp-content\\\/uploads\\\/2022\\\/06\\\/cropped-250X250.png\",\"contentUrl\":\"https:\\\/\\\/ong-gslafrica.org\\\/wg\\\/wp-content\\\/uploads\\\/2022\\\/06\\\/cropped-250X250.png\",\"width\":250,\"height\":250,\"caption\":\"ONG GSL AFRICA\"},\"image\":{\"@id\":\"https:\\\/\\\/ong-gslafrica.org\\\/wg\\\/#\\\/schema\\\/logo\\\/image\\\/\"}}]}<\/script>\n<!-- \/ Yoast SEO plugin. -->","yoast_head_json":{"title":"CONSULTATION - ONG GSL AFRICA","robots":{"index":"index","follow":"follow","max-snippet":"max-snippet:-1","max-image-preview":"max-image-preview:large","max-video-preview":"max-video-preview:-1"},"canonical":"https:\/\/ong-gslafrica.org\/wg\/consultation\/","og_locale":"fr_FR","og_type":"article","og_title":"CONSULTATION - ONG GSL AFRICA","og_url":"https:\/\/ong-gslafrica.org\/wg\/consultation\/","og_site_name":"ONG GSL AFRICA","article_modified_time":"2022-10-13T12:45:49+00:00","twitter_card":"summary_large_image","twitter_misc":{"Dur\u00e9e de lecture estim\u00e9e":"3 minutes"},"schema":{"@context":"https:\/\/schema.org","@graph":[{"@type":"WebPage","@id":"https:\/\/ong-gslafrica.org\/wg\/consultation\/","url":"https:\/\/ong-gslafrica.org\/wg\/consultation\/","name":"CONSULTATION - ONG GSL AFRICA","isPartOf":{"@id":"https:\/\/ong-gslafrica.org\/wg\/#website"},"datePublished":"2022-06-30T23:43:57+00:00","dateModified":"2022-10-13T12:45:49+00:00","breadcrumb":{"@id":"https:\/\/ong-gslafrica.org\/wg\/consultation\/#breadcrumb"},"inLanguage":"fr-FR","potentialAction":[{"@type":"ReadAction","target":["https:\/\/ong-gslafrica.org\/wg\/consultation\/"]}]},{"@type":"BreadcrumbList","@id":"https:\/\/ong-gslafrica.org\/wg\/consultation\/#breadcrumb","itemListElement":[{"@type":"ListItem","position":1,"name":"Accueil","item":"https:\/\/ong-gslafrica.org\/wg\/"},{"@type":"ListItem","position":2,"name":"CONSULTATION"}]},{"@type":"WebSite","@id":"https:\/\/ong-gslafrica.org\/wg\/#website","url":"https:\/\/ong-gslafrica.org\/wg\/","name":"ONG GSL AFRICA","description":"GLOBAL STRATEGY &amp; LEADERSHIP","publisher":{"@id":"https:\/\/ong-gslafrica.org\/wg\/#organization"},"potentialAction":[{"@type":"SearchAction","target":{"@type":"EntryPoint","urlTemplate":"https:\/\/ong-gslafrica.org\/wg\/?s={search_term_string}"},"query-input":{"@type":"PropertyValueSpecification","valueRequired":true,"valueName":"search_term_string"}}],"inLanguage":"fr-FR"},{"@type":"Organization","@id":"https:\/\/ong-gslafrica.org\/wg\/#organization","name":"ONG GSL AFRICA","url":"https:\/\/ong-gslafrica.org\/wg\/","logo":{"@type":"ImageObject","inLanguage":"fr-FR","@id":"https:\/\/ong-gslafrica.org\/wg\/#\/schema\/logo\/image\/","url":"https:\/\/ong-gslafrica.org\/wg\/wp-content\/uploads\/2022\/06\/cropped-250X250.png","contentUrl":"https:\/\/ong-gslafrica.org\/wg\/wp-content\/uploads\/2022\/06\/cropped-250X250.png","width":250,"height":250,"caption":"ONG GSL AFRICA"},"image":{"@id":"https:\/\/ong-gslafrica.org\/wg\/#\/schema\/logo\/image\/"}}]}},"campaignId":"","_links":{"self":[{"href":"https:\/\/ong-gslafrica.org\/wg\/wp-json\/wp\/v2\/pages\/529","targetHints":{"allow":["GET"]}}],"collection":[{"href":"https:\/\/ong-gslafrica.org\/wg\/wp-json\/wp\/v2\/pages"}],"about":[{"href":"https:\/\/ong-gslafrica.org\/wg\/wp-json\/wp\/v2\/types\/page"}],"author":[{"embeddable":true,"href":"https:\/\/ong-gslafrica.org\/wg\/wp-json\/wp\/v2\/users\/1"}],"replies":[{"embeddable":true,"href":"https:\/\/ong-gslafrica.org\/wg\/wp-json\/wp\/v2\/comments?post=529"}],"version-history":[{"count":26,"href":"https:\/\/ong-gslafrica.org\/wg\/wp-json\/wp\/v2\/pages\/529\/revisions"}],"predecessor-version":[{"id":1406,"href":"https:\/\/ong-gslafrica.org\/wg\/wp-json\/wp\/v2\/pages\/529\/revisions\/1406"}],"wp:attachment":[{"href":"https:\/\/ong-gslafrica.org\/wg\/wp-json\/wp\/v2\/media?parent=529"}],"curies":[{"name":"wp","href":"https:\/\/api.w.org\/{rel}","templated":true}]}}